{"id":1284,"date":"2018-05-08T08:24:14","date_gmt":"2018-05-08T08:24:14","guid":{"rendered":"http:\/\/paredesfest.net\/?page_id=1284"},"modified":"2018-06-07T14:31:37","modified_gmt":"2018-06-07T14:31:37","slug":"boton-accion","status":"publish","type":"page","link":"https:\/\/paredesfest.net\/en\/inicio\/home-el-festival\/boton-accion\/","title":{"rendered":"Bot\u00f3n acci\u00f3n"},"content":{"rendered":"<div class=\"entry-content\" itemprop=\"text\">\n<p style=\"text-align: center;\"><a href=\"http:\/\/paredesfest.net\/en\/the-festival\/\" class=\"btn btn-info btn-lg\">More information about Parees Festival <i class=\"fa fa- \" ><\/i><\/a>\n<\/div>\n","protected":false},"excerpt":{"rendered":"<div class=\"entry-summary\" itemprop=\"text\">\n<p style=\"text-align: center;\">\n<p> <a href=\"https:\/\/paredesfest.net\/en\/inicio\/home-el-festival\/boton-accion\/\">&nbsp;&raquo;&nbsp;Read more about: Bot\u00f3n acci\u00f3n &nbsp;&raquo;<\/a><\/p>\n\n<\/div>\n","protected":false},"author":1,"featured_media":0,"parent":55,"menu_order":4,"comment_status":"closed","ping_status":"closed","template":"","meta":{"footnotes":""},"categories":[1],"tags":[],"class_list":["post-1284","page","type-page","status-publish","hentry","category-notas-de-prensa","entry-lead"],"yoast_head":"<!-- This site is optimized with the Yoast SEO plugin v27.4 - https:\/\/yoast.com\/product\/yoast-seo-wordpress\/ -->\n<title>Bot\u00f3n acci\u00f3n - Parees<\/title>\n<meta name=\"robots\" content=\"index, follow, max-snippet:-1, max-image-preview:large, max-video-preview:-1\" \/>\n<link rel=\"canonical\" href=\"https:\/\/paredesfest.net\/inicio\/home-el-festival\/boton-accion\/\" \/>\n<meta property=\"og:locale\" content=\"en_US\" \/>\n<meta property=\"og:type\" content=\"article\" \/>\n<meta property=\"og:title\" content=\"Bot\u00f3n acci\u00f3n - Parees\" \/>\n<meta property=\"og:description\" content=\"&nbsp;&raquo;&nbsp;Read more about: Bot\u00f3n acci\u00f3n &nbsp;&raquo;\" \/>\n<meta property=\"og:url\" content=\"https:\/\/paredesfest.net\/inicio\/home-el-festival\/boton-accion\/\" \/>\n<meta property=\"og:site_name\" content=\"Parees\" \/>\n<meta property=\"article:publisher\" content=\"https:\/\/www.facebook.com\/pareesfest\" \/>\n<meta property=\"article:modified_time\" content=\"2018-06-07T14:31:37+00:00\" \/>\n<meta name=\"twitter:card\" content=\"summary_large_image\" \/>\n<meta name=\"twitter:site\" content=\"@pareesfest\" \/>\n<script type=\"application\/ld+json\" class=\"yoast-schema-graph\">{\"@context\":\"https:\\\/\\\/schema.org\",\"@graph\":[{\"@type\":\"WebPage\",\"@id\":\"https:\\\/\\\/paredesfest.net\\\/inicio\\\/home-el-festival\\\/boton-accion\\\/\",\"url\":\"https:\\\/\\\/paredesfest.net\\\/inicio\\\/home-el-festival\\\/boton-accion\\\/\",\"name\":\"Bot\u00f3n acci\u00f3n - Parees\",\"isPartOf\":{\"@id\":\"https:\\\/\\\/paredesfest.net\\\/#website\"},\"datePublished\":\"2018-05-08T08:24:14+00:00\",\"dateModified\":\"2018-06-07T14:31:37+00:00\",\"breadcrumb\":{\"@id\":\"https:\\\/\\\/paredesfest.net\\\/inicio\\\/home-el-festival\\\/boton-accion\\\/#breadcrumb\"},\"inLanguage\":\"en-US\",\"potentialAction\":[{\"@type\":\"ReadAction\",\"target\":[\"https:\\\/\\\/paredesfest.net\\\/inicio\\\/home-el-festival\\\/boton-accion\\\/\"]}]},{\"@type\":\"BreadcrumbList\",\"@id\":\"https:\\\/\\\/paredesfest.net\\\/inicio\\\/home-el-festival\\\/boton-accion\\\/#breadcrumb\",\"itemListElement\":[{\"@type\":\"ListItem\",\"position\":1,\"name\":\"Portada\",\"item\":\"https:\\\/\\\/paredesfest.net\\\/\"},{\"@type\":\"ListItem\",\"position\":2,\"name\":\"Inicio\",\"item\":\"https:\\\/\\\/paredesfest.net\\\/\"},{\"@type\":\"ListItem\",\"position\":3,\"name\":\"home el festival\",\"item\":\"https:\\\/\\\/paredesfest.net\\\/inicio\\\/home-el-festival\\\/\"},{\"@type\":\"ListItem\",\"position\":4,\"name\":\"Bot\u00f3n acci\u00f3n\"}]},{\"@type\":\"WebSite\",\"@id\":\"https:\\\/\\\/paredesfest.net\\\/#website\",\"url\":\"https:\\\/\\\/paredesfest.net\\\/\",\"name\":\"Parees\",\"description\":\"Oviedo Contextual Mural Festival\",\"potentialAction\":[{\"@type\":\"SearchAction\",\"target\":{\"@type\":\"EntryPoint\",\"urlTemplate\":\"https:\\\/\\\/paredesfest.net\\\/?s={search_term_string}\"},\"query-input\":{\"@type\":\"PropertyValueSpecification\",\"valueRequired\":true,\"valueName\":\"search_term_string\"}}],\"inLanguage\":\"en-US\"}]}<\/script>\n<!-- \/ Yoast SEO plugin. -->","yoast_head_json":{"title":"Bot\u00f3n acci\u00f3n - Parees","robots":{"index":"index","follow":"follow","max-snippet":"max-snippet:-1","max-image-preview":"max-image-preview:large","max-video-preview":"max-video-preview:-1"},"canonical":"https:\/\/paredesfest.net\/inicio\/home-el-festival\/boton-accion\/","og_locale":"en_US","og_type":"article","og_title":"Bot\u00f3n acci\u00f3n - Parees","og_description":"&nbsp;&raquo;&nbsp;Read more about: Bot\u00f3n acci\u00f3n &nbsp;&raquo;","og_url":"https:\/\/paredesfest.net\/inicio\/home-el-festival\/boton-accion\/","og_site_name":"Parees","article_publisher":"https:\/\/www.facebook.com\/pareesfest","article_modified_time":"2018-06-07T14:31:37+00:00","twitter_card":"summary_large_image","twitter_site":"@pareesfest","schema":{"@context":"https:\/\/schema.org","@graph":[{"@type":"WebPage","@id":"https:\/\/paredesfest.net\/inicio\/home-el-festival\/boton-accion\/","url":"https:\/\/paredesfest.net\/inicio\/home-el-festival\/boton-accion\/","name":"Bot\u00f3n acci\u00f3n - Parees","isPartOf":{"@id":"https:\/\/paredesfest.net\/#website"},"datePublished":"2018-05-08T08:24:14+00:00","dateModified":"2018-06-07T14:31:37+00:00","breadcrumb":{"@id":"https:\/\/paredesfest.net\/inicio\/home-el-festival\/boton-accion\/#breadcrumb"},"inLanguage":"en-US","potentialAction":[{"@type":"ReadAction","target":["https:\/\/paredesfest.net\/inicio\/home-el-festival\/boton-accion\/"]}]},{"@type":"BreadcrumbList","@id":"https:\/\/paredesfest.net\/inicio\/home-el-festival\/boton-accion\/#breadcrumb","itemListElement":[{"@type":"ListItem","position":1,"name":"Portada","item":"https:\/\/paredesfest.net\/"},{"@type":"ListItem","position":2,"name":"Inicio","item":"https:\/\/paredesfest.net\/"},{"@type":"ListItem","position":3,"name":"home el festival","item":"https:\/\/paredesfest.net\/inicio\/home-el-festival\/"},{"@type":"ListItem","position":4,"name":"Bot\u00f3n acci\u00f3n"}]},{"@type":"WebSite","@id":"https:\/\/paredesfest.net\/#website","url":"https:\/\/paredesfest.net\/","name":"Parees","description":"Oviedo Contextual Mural Festival","potentialAction":[{"@type":"SearchAction","target":{"@type":"EntryPoint","urlTemplate":"https:\/\/paredesfest.net\/?s={search_term_string}"},"query-input":{"@type":"PropertyValueSpecification","valueRequired":true,"valueName":"search_term_string"}}],"inLanguage":"en-US"}]}},"_links":{"self":[{"href":"https:\/\/paredesfest.net\/en\/wp-json\/wp\/v2\/pages\/1284","targetHints":{"allow":["GET"]}}],"collection":[{"href":"https:\/\/paredesfest.net\/en\/wp-json\/wp\/v2\/pages"}],"about":[{"href":"https:\/\/paredesfest.net\/en\/wp-json\/wp\/v2\/types\/page"}],"author":[{"embeddable":true,"href":"https:\/\/paredesfest.net\/en\/wp-json\/wp\/v2\/users\/1"}],"replies":[{"embeddable":true,"href":"https:\/\/paredesfest.net\/en\/wp-json\/wp\/v2\/comments?post=1284"}],"version-history":[{"count":4,"href":"https:\/\/paredesfest.net\/en\/wp-json\/wp\/v2\/pages\/1284\/revisions"}],"predecessor-version":[{"id":1402,"href":"https:\/\/paredesfest.net\/en\/wp-json\/wp\/v2\/pages\/1284\/revisions\/1402"}],"up":[{"embeddable":true,"href":"https:\/\/paredesfest.net\/en\/wp-json\/wp\/v2\/pages\/55"}],"wp:attachment":[{"href":"https:\/\/paredesfest.net\/en\/wp-json\/wp\/v2\/media?parent=1284"}],"wp:term":[{"taxonomy":"category","embeddable":true,"href":"https:\/\/paredesfest.net\/en\/wp-json\/wp\/v2\/categories?post=1284"},{"taxonomy":"post_tag","embeddable":true,"href":"https:\/\/paredesfest.net\/en\/wp-json\/wp\/v2\/tags?post=1284"}],"curies":[{"name":"wp","href":"https:\/\/api.w.org\/{rel}","templated":true}]}}