{"id":1733,"date":"2019-04-26T09:04:53","date_gmt":"2019-04-26T09:04:53","guid":{"rendered":"http:\/\/paredesfest.net\/?page_id=1733"},"modified":"2023-10-24T15:37:07","modified_gmt":"2023-10-24T15:37:07","slug":"facturacion-parees","status":"publish","type":"page","link":"https:\/\/paredesfest.net\/en\/facturacion-parees\/","title":{"rendered":"Facturaci\u00f3n Parees"},"content":{"rendered":"<div class=\"entry-content\" itemprop=\"text\">\n<h2 class=\"wp-block-heading\">P<strong>ersonas f\u00edsicas <em>(profesionales)<\/em>, asociaciones o comunidades de bienes<\/strong> <\/h2>\n\n\n\n<div class=\"schema-how-to wp-block-yoast-how-to-block\"><p class=\"schema-how-to-description\">Documentaci\u00f3n a presentar:<\/p> <ol class=\"schema-how-to-steps\"><li class=\"schema-how-to-step\" id=\"how-to-step-1556261749966\"><strong class=\"schema-how-to-step-name\"> <strong>Certificado de titularidad bancaria<\/strong> <\/strong> <p class=\"schema-how-to-step-text\"> <em>Se consigue en el banco<\/em> <\/p> <\/li><li class=\"schema-how-to-step\" id=\"how-to-step-1556261943238\"><strong class=\"schema-how-to-step-name\"> Si tu IRPF est\u00e1 reducido al 7% tambi\u00e9n hay que presentar el documento: <\/strong> <p class=\"schema-how-to-step-text\"><a href=\"http:\/\/paredesfest.net\/wp-content\/uploads\/2019\/04\/comunicacion-tipo-reducido-IRPF-7-1.doc\">Comunicacion tipo reducido IRPF 7%<\/a>  <\/p> <\/li><li class=\"schema-how-to-step\" id=\"how-to-step-1556262069454\"><strong class=\"schema-how-to-step-name\">Factura<\/strong> <p class=\"schema-how-to-step-text\">Las facturas se env\u00edan a:  <strong><span class=\"oe_textdirection\">&#x74;&#x65;&#x6e;&#x2e;&#x74;&#x73;&#x65;&#x66;&#x73;&#x65;&#x64;&#x65;&#x72;&#x61;&#x70;<span class=\"oe_displaynone\">null<\/span>&#x40;&#x61;&#x6c;&#x6f;&#x68;<\/span><\/strong> <br\/><br\/><strong>En la columna de la derecha puedes descargar plantillas de facturas.<br\/><\/strong><br\/>Las facturas van dirigidas a: <br\/><br\/><em>Fundaci\u00f3n Municipal de Cultura del Ayuntamiento de Oviedo<br\/>19 de Julio, s\/n (Teatro Campoamor) &#8211; 33002 Oviedo (Asturias)  <br\/>CIF Q3300365H <\/em><br\/><br\/>Deben<strong> incluir siempre<\/strong> los siguientes c\u00f3digos: <br\/><br\/>Oficina Contable Direcci\u00f3n de Contabilidad:  <br\/><strong>LA 0001226<\/strong> <br\/>\u00d3rgano gestor Fundaci\u00f3n Municipal de Cultura:  <br\/><strong>LA 0001278<\/strong>   <br\/>Unidad Tramitadora Fundaci\u00f3n Municipal de Cultura:  <br\/><strong>LA 0001278<\/strong>  <br\/><br\/>El concepto de la factura siempre debe incluir el nombre del festival y el a\u00f1o: <strong>Parees 20XX<\/strong> <br\/> <\/p> <\/li><\/ol><\/div>\n\n\n\n<h2 class=\"wp-block-heading\">Facturas electr\u00f3nicas<\/h2>\n\n\n\n<div class=\"schema-faq wp-block-yoast-faq-block\"><div class=\"schema-faq-section\" id=\"faq-question-1556270695974\"><strong class=\"schema-faq-question\"> \u00bfQui\u00e9n est\u00e1 obligado? <\/strong> <p class=\"schema-faq-answer\"> La Ley 25\/2013, de 27 de diciembre, de impulso de la factura electr\u00f3nica y creaci\u00f3n del registro contable de facturas en el Sector P\u00fablico, establece la obligatoriedad de uso de la factura electr\u00f3nica por parte de todos los proveedores de las Administraciones p\u00fablicas.<br\/>La obligatoriedad se extiende a los entes indicados en el art\u00edculo 4\u00ba de la citada ley:<br\/><br\/>a) Sociedades an\u00f3nimas;<br\/>b) Sociedades de responsabilidad limitada;<br\/>c) Personas jur\u00eddicas y entidades sin personalidad jur\u00eddica que carezcan de nacionalidad espa\u00f1ola;<br\/>d) Establecimientos permanentes y sucursales de entidades no residentes en territorio espa\u00f1ol en los t\u00e9rminos que establece la normativa tributaria;<br\/>e) Uniones temporales de empresas;<br\/>f) Agrupaci\u00f3n de inter\u00e9s econ\u00f3mico, Agrupaci\u00f3n de inter\u00e9s econ\u00f3mico europea, Fondo de Pensiones, Fondo de capital riesgo, Fondo de inversiones, Fondo de utilizaci\u00f3n de activos, Fondo de regularizaci\u00f3n del mercado hipotecario, Fondo de titulizaci\u00f3n hipotecaria o Fondo de garant\u00eda de inversiones. <\/p> <\/div> <div class=\"schema-faq-section\" id=\"faq-question-1556270745247\"><strong class=\"schema-faq-question\"> \u00bfQui\u00e9n no est\u00e1 obligado? <\/strong> <p class=\"schema-faq-answer\"> No estar\u00e1n obligados a la presentaci\u00f3n de sus facturas en formato electr\u00f3nico, <strong>las personas f\u00edsicas (profesionales), asociaciones o comunidades de bienes. <\/strong><\/p> <\/div> <div class=\"schema-faq-section\" id=\"faq-question-1556270810702\"><strong class=\"schema-faq-question\"> \u00bfQu\u00e9 formato ha de tener la factura electr\u00f3nica? <\/strong> <p class=\"schema-faq-answer\"> Las facturas electr\u00f3nicas solo pueden ser emitidas en formato facturae, de acuerdo con la ley 25\/2013, y sus disposiciones de desarrollo. Para m\u00e1s informaci\u00f3n consultar el siguiente<strong>\u00a0<\/strong><a rel=\"noreferrer noopener\" href=\"http:\/\/www.facturae.gob.es\/\" target=\"_blank\"><strong>enlace<\/strong><\/a><strong> <\/strong><\/p> <\/div> <div class=\"schema-faq-section\" id=\"faq-question-1556270873473\"><strong class=\"schema-faq-question\"> \u00bfD\u00f3nde se presentan las facturas electr\u00f3nicas? <\/strong> <p class=\"schema-faq-answer\"> Las facturas electr\u00f3nicas solo podr\u00e1n presentarse a trav\u00e9s del punto general de entrada de facturas electr\u00f3nicas de la administraci\u00f3n que corresponda. En el caso del Ayuntamiento de Oviedo, en virtud de acuerdo de adhesi\u00f3n, el punto general ser\u00e1 el de la\u00a0<strong>Administraci\u00f3n del Estado (FACe)<\/strong>, cuyo enlace es\u00a0<a rel=\"noreferrer noopener\" href=\"https:\/\/face.gob.es\/\" target=\"_blank\"><strong>este<\/strong><\/a>.<br\/>En esta p\u00e1gina se ofrece informaci\u00f3n de los pasos a seguir para presentar las facturas electr\u00f3nicas a trav\u00e9s del punto general de entrada. <\/p> <\/div> <div class=\"schema-faq-section\" id=\"faq-question-1556270969123\"><strong class=\"schema-faq-question\">\u00d3rganos administrativos implicados en la tramitaci\u00f3n de la factura<\/strong> <p class=\"schema-faq-answer\">Oficina Contable Direcci\u00f3n de Contabilidad:  <br\/><strong>LA 0001226<\/strong> <br\/>\u00d3rgano gestor Fundaci\u00f3n Municipal de Cultura:  <br\/><strong>LA 0001278<\/strong>   <br\/>Unidad Tramitadora Fundaci\u00f3n Municipal de Cultura:  <br\/><strong>LA 0001278<\/strong> <\/p> <\/div> <\/div>\n<\/div>\n","protected":false},"excerpt":{"rendered":"<div class=\"entry-summary\" itemprop=\"text\">\n<p>Personas f\u00edsicas <em>(profesionales)<\/em>, asociaciones o comunidades de bienes <\/p>\n<p class=\"schema-how-to-description\">Documentaci\u00f3n a presentar:<\/p>\n<ol class=\"schema-how-to-steps\">\n<li class=\"schema-how-to-step\" id=\"how-to-step-1556261749966\"> Certificado de titularidad bancaria\n<p class=\"schema-how-to-step-text\"> <em>Se consigue en el banco<\/em> <\/p>\n<\/li>\n<li class=\"schema-how-to-step\" id=\"how-to-step-1556261943238\"> Si tu IRPF est\u00e1 reducido al 7% tambi\u00e9n hay que presentar el documento:\n<p class=\"schema-how-to-step-text\"><a href=\"http:\/\/paredesfest.net\/wp-content\/uploads\/2019\/04\/comunicacion-tipo-reducido-IRPF-7-1.doc\">Comunicacion tipo reducido IRPF 7%<\/a>  <\/p>\n<\/li>\n<li class=\"schema-how-to-step\" id=\"how-to-step-1556262069454\">Factura\n<p class=\"schema-how-to-step-text\">Las facturas se env\u00edan a:  &#x74;&#x65;&#x6e;&#x2e;&#x74;&#x73;&#x65;&#x66;&#x73;&#x65;&#x64;&#x65;&#x72;&#x61;&#x70;null&#x40;&#x61;&#x6c;&#x6f;&#x68; <\/p>\n<p>En la columna de la derecha puedes descargar plantillas de facturas.<\/p>\n<\/li>\n<p> <a href=\"https:\/\/paredesfest.net\/en\/facturacion-parees\/\">&nbsp;&raquo;&nbsp;Read more about: Facturaci\u00f3n Parees &nbsp;&raquo;<\/a><\/ol>\n\n<\/div>\n","protected":false},"author":1,"featured_media":0,"parent":0,"menu_order":6,"comment_status":"closed","ping_status":"closed","template":"","meta":{"footnotes":""},"categories":[1],"tags":[],"class_list":["post-1733","page","type-page","status-publish","hentry","category-notas-de-prensa","entry-lead"],"yoast_head":"<!-- This site is optimized with the Yoast SEO plugin v27.4 - https:\/\/yoast.com\/product\/yoast-seo-wordpress\/ -->\n<title>Facturaci\u00f3n Parees - Parees<\/title>\n<meta name=\"robots\" content=\"noindex, nofollow\" \/>\n<meta property=\"og:locale\" content=\"en_US\" \/>\n<meta property=\"og:type\" content=\"article\" \/>\n<meta property=\"og:title\" content=\"Facturaci\u00f3n Parees - Parees\" \/>\n<meta property=\"og:description\" content=\"Personas f\u00edsicas (profesionales), asociaciones o comunidades de bienes   Documentaci\u00f3n a presentar: Certificado de titularidad bancaria  Se consigue en el banco  Si tu IRPF est\u00e1 reducido al 7% tambi\u00e9n hay que presentar el documento: Comunicacion tipo reducido IRPF 7%  Factura Las facturas se env\u00edan a: &#x74;&#x65;&#x6e;&#x2e;&#x74;&#x73;&#x65;&#x66;&#x73;&#x65;&#x64;&#x65;&#x72;&#x61;&#x70;null&#x40;&#x61;&#x6c;&#x6f;&#x68; En la columna de la derecha puedes descargar plantillas de facturas. &nbsp;&raquo;&nbsp;Read more about: Facturaci\u00f3n Parees &nbsp;&raquo;\" \/>\n<meta property=\"og:url\" content=\"https:\/\/paredesfest.net\/facturacion-parees\/\" \/>\n<meta property=\"og:site_name\" content=\"Parees\" \/>\n<meta property=\"article:publisher\" content=\"https:\/\/www.facebook.com\/pareesfest\" \/>\n<meta property=\"article:modified_time\" content=\"2023-10-24T15:37:07+00:00\" \/>\n<meta name=\"twitter:card\" content=\"summary_large_image\" \/>\n<meta name=\"twitter:site\" content=\"@pareesfest\" \/>\n<meta name=\"twitter:label1\" content=\"Est. reading time\" \/>\n\t<meta name=\"twitter:data1\" content=\"3 minutes\" \/>\n<script type=\"application\/ld+json\" class=\"yoast-schema-graph\">{\"@context\":\"https:\\\/\\\/schema.org\",\"@graph\":[{\"@type\":[\"WebPage\",\"FAQPage\"],\"@id\":\"https:\\\/\\\/paredesfest.net\\\/facturacion-parees\\\/\",\"url\":\"https:\\\/\\\/paredesfest.net\\\/facturacion-parees\\\/\",\"name\":\"Facturaci\u00f3n Parees - Parees\",\"isPartOf\":{\"@id\":\"https:\\\/\\\/paredesfest.net\\\/#website\"},\"datePublished\":\"2019-04-26T09:04:53+00:00\",\"dateModified\":\"2023-10-24T15:37:07+00:00\",\"breadcrumb\":{\"@id\":\"https:\\\/\\\/paredesfest.net\\\/facturacion-parees\\\/#breadcrumb\"},\"mainEntity\":[{\"@id\":\"https:\\\/\\\/paredesfest.net\\\/facturacion-parees\\\/#faq-question-1556270695974\"},{\"@id\":\"https:\\\/\\\/paredesfest.net\\\/facturacion-parees\\\/#faq-question-1556270745247\"},{\"@id\":\"https:\\\/\\\/paredesfest.net\\\/facturacion-parees\\\/#faq-question-1556270810702\"},{\"@id\":\"https:\\\/\\\/paredesfest.net\\\/facturacion-parees\\\/#faq-question-1556270873473\"},{\"@id\":\"https:\\\/\\\/paredesfest.net\\\/facturacion-parees\\\/#faq-question-1556270969123\"}],\"inLanguage\":\"en-US\",\"potentialAction\":[{\"@type\":\"ReadAction\",\"target\":[\"https:\\\/\\\/paredesfest.net\\\/facturacion-parees\\\/\"]}]},{\"@type\":\"BreadcrumbList\",\"@id\":\"https:\\\/\\\/paredesfest.net\\\/facturacion-parees\\\/#breadcrumb\",\"itemListElement\":[{\"@type\":\"ListItem\",\"position\":1,\"name\":\"Portada\",\"item\":\"https:\\\/\\\/paredesfest.net\\\/\"},{\"@type\":\"ListItem\",\"position\":2,\"name\":\"Facturaci\u00f3n Parees\"}]},{\"@type\":\"WebSite\",\"@id\":\"https:\\\/\\\/paredesfest.net\\\/#website\",\"url\":\"https:\\\/\\\/paredesfest.net\\\/\",\"name\":\"Parees\",\"description\":\"Oviedo Contextual Mural Festival\",\"potentialAction\":[{\"@type\":\"SearchAction\",\"target\":{\"@type\":\"EntryPoint\",\"urlTemplate\":\"https:\\\/\\\/paredesfest.net\\\/?s={search_term_string}\"},\"query-input\":{\"@type\":\"PropertyValueSpecification\",\"valueRequired\":true,\"valueName\":\"search_term_string\"}}],\"inLanguage\":\"en-US\"},{\"@type\":\"Question\",\"@id\":\"https:\\\/\\\/paredesfest.net\\\/facturacion-parees\\\/#faq-question-1556270695974\",\"position\":1,\"url\":\"https:\\\/\\\/paredesfest.net\\\/facturacion-parees\\\/#faq-question-1556270695974\",\"name\":\"\u00bfQui\u00e9n est\u00e1 obligado?\",\"answerCount\":1,\"acceptedAnswer\":{\"@type\":\"Answer\",\"text\":\" La Ley 25\\\/2013, de 27 de diciembre, de impulso de la factura electr\u00f3nica y creaci\u00f3n del registro contable de facturas en el Sector P\u00fablico, establece la obligatoriedad de uso de la factura electr\u00f3nica por parte de todos los proveedores de las Administraciones p\u00fablicas.<br\\\/>La obligatoriedad se extiende a los entes indicados en el art\u00edculo 4\u00ba de la citada ley:<br\\\/><br\\\/>a) Sociedades an\u00f3nimas;<br\\\/>b) Sociedades de responsabilidad limitada;<br\\\/>c) Personas jur\u00eddicas y entidades sin personalidad jur\u00eddica que carezcan de nacionalidad espa\u00f1ola;<br\\\/>d) Establecimientos permanentes y sucursales de entidades no residentes en territorio espa\u00f1ol en los t\u00e9rminos que establece la normativa tributaria;<br\\\/>e) Uniones temporales de empresas;<br\\\/>f) Agrupaci\u00f3n de inter\u00e9s econ\u00f3mico, Agrupaci\u00f3n de inter\u00e9s econ\u00f3mico europea, Fondo de Pensiones, Fondo de capital riesgo, Fondo de inversiones, Fondo de utilizaci\u00f3n de activos, Fondo de regularizaci\u00f3n del mercado hipotecario, Fondo de titulizaci\u00f3n hipotecaria o Fondo de garant\u00eda de inversiones. \",\"inLanguage\":\"en-US\"},\"inLanguage\":\"en-US\"},{\"@type\":\"Question\",\"@id\":\"https:\\\/\\\/paredesfest.net\\\/facturacion-parees\\\/#faq-question-1556270745247\",\"position\":2,\"url\":\"https:\\\/\\\/paredesfest.net\\\/facturacion-parees\\\/#faq-question-1556270745247\",\"name\":\"\u00bfQui\u00e9n no est\u00e1 obligado?\",\"answerCount\":1,\"acceptedAnswer\":{\"@type\":\"Answer\",\"text\":\" No estar\u00e1n obligados a la presentaci\u00f3n de sus facturas en formato electr\u00f3nico, las personas f\u00edsicas (profesionales), asociaciones o comunidades de bienes. \",\"inLanguage\":\"en-US\"},\"inLanguage\":\"en-US\"},{\"@type\":\"Question\",\"@id\":\"https:\\\/\\\/paredesfest.net\\\/facturacion-parees\\\/#faq-question-1556270810702\",\"position\":3,\"url\":\"https:\\\/\\\/paredesfest.net\\\/facturacion-parees\\\/#faq-question-1556270810702\",\"name\":\"\u00bfQu\u00e9 formato ha de tener la factura electr\u00f3nica?\",\"answerCount\":1,\"acceptedAnswer\":{\"@type\":\"Answer\",\"text\":\" Las facturas electr\u00f3nicas solo pueden ser emitidas en formato facturae, de acuerdo con la ley 25\\\/2013, y sus disposiciones de desarrollo. Para m\u00e1s informaci\u00f3n consultar el siguiente\u00a0enlace \",\"inLanguage\":\"en-US\"},\"inLanguage\":\"en-US\"},{\"@type\":\"Question\",\"@id\":\"https:\\\/\\\/paredesfest.net\\\/facturacion-parees\\\/#faq-question-1556270873473\",\"position\":4,\"url\":\"https:\\\/\\\/paredesfest.net\\\/facturacion-parees\\\/#faq-question-1556270873473\",\"name\":\"\u00bfD\u00f3nde se presentan las facturas electr\u00f3nicas?\",\"answerCount\":1,\"acceptedAnswer\":{\"@type\":\"Answer\",\"text\":\" Las facturas electr\u00f3nicas solo podr\u00e1n presentarse a trav\u00e9s del punto general de entrada de facturas electr\u00f3nicas de la administraci\u00f3n que corresponda. En el caso del Ayuntamiento de Oviedo, en virtud de acuerdo de adhesi\u00f3n, el punto general ser\u00e1 el de la\u00a0Administraci\u00f3n del Estado (FACe), cuyo enlace es\u00a0este.En esta p\u00e1gina se ofrece informaci\u00f3n de los pasos a seguir para presentar las facturas electr\u00f3nicas a trav\u00e9s del punto general de entrada. \",\"inLanguage\":\"en-US\"},\"inLanguage\":\"en-US\"},{\"@type\":\"Question\",\"@id\":\"https:\\\/\\\/paredesfest.net\\\/facturacion-parees\\\/#faq-question-1556270969123\",\"position\":5,\"url\":\"https:\\\/\\\/paredesfest.net\\\/facturacion-parees\\\/#faq-question-1556270969123\",\"name\":\"\u00d3rganos administrativos implicados en la tramitaci\u00f3n de la factura\",\"answerCount\":1,\"acceptedAnswer\":{\"@type\":\"Answer\",\"text\":\"Oficina Contable Direcci\u00f3n de Contabilidad:  LA 0001226 \u00d3rgano gestor Fundaci\u00f3n Municipal de Cultura:  LA 0001278   Unidad Tramitadora Fundaci\u00f3n Municipal de Cultura:  LA 0001278 \",\"inLanguage\":\"en-US\"},\"inLanguage\":\"en-US\"},{\"@type\":\"HowTo\",\"@id\":\"https:\\\/\\\/paredesfest.net\\\/facturacion-parees\\\/#howto-1\",\"name\":\"Facturaci\u00f3n Parees\",\"mainEntityOfPage\":{\"@id\":\"https:\\\/\\\/paredesfest.net\\\/facturacion-parees\\\/\"},\"description\":\"Documentaci\u00f3n a presentar:\",\"step\":[{\"@type\":\"HowToStep\",\"url\":\"https:\\\/\\\/paredesfest.net\\\/facturacion-parees\\\/#how-to-step-1556261749966\",\"name\":\"Certificado de titularidad bancaria\",\"itemListElement\":[{\"@type\":\"HowToDirection\",\"text\":\"Se consigue en el banco\"}]},{\"@type\":\"HowToStep\",\"url\":\"https:\\\/\\\/paredesfest.net\\\/facturacion-parees\\\/#how-to-step-1556261943238\",\"name\":\"Si tu IRPF est\u00e1 reducido al 7% tambi\u00e9n hay que presentar el documento:\",\"itemListElement\":[{\"@type\":\"HowToDirection\",\"text\":\"Comunicacion tipo reducido IRPF 7%\"}]},{\"@type\":\"HowToStep\",\"url\":\"https:\\\/\\\/paredesfest.net\\\/facturacion-parees\\\/#how-to-step-1556262069454\",\"name\":\"Factura\",\"itemListElement\":[{\"@type\":\"HowToDirection\",\"text\":\"Las facturas se env\u00edan a:  hola@paredesfest.net En la columna de la derecha puedes descargar plantillas de facturas.Las facturas van dirigidas a: Fundaci\u00f3n Municipal de Cultura del Ayuntamiento de Oviedo19 de Julio, s\\\/n (Teatro Campoamor) - 33002 Oviedo (Asturias)  CIF Q3300365H Deben incluir siempre los siguientes c\u00f3digos: Oficina Contable Direcci\u00f3n de Contabilidad:  LA 0001226 \u00d3rgano gestor Fundaci\u00f3n Municipal de Cultura:  LA 0001278   Unidad Tramitadora Fundaci\u00f3n Municipal de Cultura:  LA 0001278  El concepto de la factura siempre debe incluir el nombre del festival y el a\u00f1o: Parees 20XX\"}]}],\"inLanguage\":\"en-US\"}]}<\/script>\n<!-- \/ Yoast SEO plugin. -->","yoast_head_json":{"title":"Facturaci\u00f3n Parees - Parees","robots":{"index":"noindex","follow":"nofollow"},"og_locale":"en_US","og_type":"article","og_title":"Facturaci\u00f3n Parees - Parees","og_description":"Personas f\u00edsicas (profesionales), asociaciones o comunidades de bienes   Documentaci\u00f3n a presentar: Certificado de titularidad bancaria  Se consigue en el banco  Si tu IRPF est\u00e1 reducido al 7% tambi\u00e9n hay que presentar el documento: Comunicacion tipo reducido IRPF 7%  Factura Las facturas se env\u00edan a: &#x74;&#x65;&#x6e;&#x2e;&#x74;&#x73;&#x65;&#x66;&#x73;&#x65;&#x64;&#x65;&#x72;&#x61;&#x70;null&#x40;&#x61;&#x6c;&#x6f;&#x68; En la columna de la derecha puedes descargar plantillas de facturas. &nbsp;&raquo;&nbsp;Read more about: Facturaci\u00f3n Parees &nbsp;&raquo;","og_url":"https:\/\/paredesfest.net\/facturacion-parees\/","og_site_name":"Parees","article_publisher":"https:\/\/www.facebook.com\/pareesfest","article_modified_time":"2023-10-24T15:37:07+00:00","twitter_card":"summary_large_image","twitter_site":"@pareesfest","twitter_misc":{"Est. reading time":"3 minutes"},"schema":{"@context":"https:\/\/schema.org","@graph":[{"@type":["WebPage","FAQPage"],"@id":"https:\/\/paredesfest.net\/facturacion-parees\/","url":"https:\/\/paredesfest.net\/facturacion-parees\/","name":"Facturaci\u00f3n Parees - Parees","isPartOf":{"@id":"https:\/\/paredesfest.net\/#website"},"datePublished":"2019-04-26T09:04:53+00:00","dateModified":"2023-10-24T15:37:07+00:00","breadcrumb":{"@id":"https:\/\/paredesfest.net\/facturacion-parees\/#breadcrumb"},"mainEntity":[{"@id":"https:\/\/paredesfest.net\/facturacion-parees\/#faq-question-1556270695974"},{"@id":"https:\/\/paredesfest.net\/facturacion-parees\/#faq-question-1556270745247"},{"@id":"https:\/\/paredesfest.net\/facturacion-parees\/#faq-question-1556270810702"},{"@id":"https:\/\/paredesfest.net\/facturacion-parees\/#faq-question-1556270873473"},{"@id":"https:\/\/paredesfest.net\/facturacion-parees\/#faq-question-1556270969123"}],"inLanguage":"en-US","potentialAction":[{"@type":"ReadAction","target":["https:\/\/paredesfest.net\/facturacion-parees\/"]}]},{"@type":"BreadcrumbList","@id":"https:\/\/paredesfest.net\/facturacion-parees\/#breadcrumb","itemListElement":[{"@type":"ListItem","position":1,"name":"Portada","item":"https:\/\/paredesfest.net\/"},{"@type":"ListItem","position":2,"name":"Facturaci\u00f3n Parees"}]},{"@type":"WebSite","@id":"https:\/\/paredesfest.net\/#website","url":"https:\/\/paredesfest.net\/","name":"Parees","description":"Oviedo Contextual Mural Festival","potentialAction":[{"@type":"SearchAction","target":{"@type":"EntryPoint","urlTemplate":"https:\/\/paredesfest.net\/?s={search_term_string}"},"query-input":{"@type":"PropertyValueSpecification","valueRequired":true,"valueName":"search_term_string"}}],"inLanguage":"en-US"},{"@type":"Question","@id":"https:\/\/paredesfest.net\/facturacion-parees\/#faq-question-1556270695974","position":1,"url":"https:\/\/paredesfest.net\/facturacion-parees\/#faq-question-1556270695974","name":"\u00bfQui\u00e9n est\u00e1 obligado?","answerCount":1,"acceptedAnswer":{"@type":"Answer","text":" La Ley 25\/2013, de 27 de diciembre, de impulso de la factura electr\u00f3nica y creaci\u00f3n del registro contable de facturas en el Sector P\u00fablico, establece la obligatoriedad de uso de la factura electr\u00f3nica por parte de todos los proveedores de las Administraciones p\u00fablicas.<br\/>La obligatoriedad se extiende a los entes indicados en el art\u00edculo 4\u00ba de la citada ley:<br\/><br\/>a) Sociedades an\u00f3nimas;<br\/>b) Sociedades de responsabilidad limitada;<br\/>c) Personas jur\u00eddicas y entidades sin personalidad jur\u00eddica que carezcan de nacionalidad espa\u00f1ola;<br\/>d) Establecimientos permanentes y sucursales de entidades no residentes en territorio espa\u00f1ol en los t\u00e9rminos que establece la normativa tributaria;<br\/>e) Uniones temporales de empresas;<br\/>f) Agrupaci\u00f3n de inter\u00e9s econ\u00f3mico, Agrupaci\u00f3n de inter\u00e9s econ\u00f3mico europea, Fondo de Pensiones, Fondo de capital riesgo, Fondo de inversiones, Fondo de utilizaci\u00f3n de activos, Fondo de regularizaci\u00f3n del mercado hipotecario, Fondo de titulizaci\u00f3n hipotecaria o Fondo de garant\u00eda de inversiones. ","inLanguage":"en-US"},"inLanguage":"en-US"},{"@type":"Question","@id":"https:\/\/paredesfest.net\/facturacion-parees\/#faq-question-1556270745247","position":2,"url":"https:\/\/paredesfest.net\/facturacion-parees\/#faq-question-1556270745247","name":"\u00bfQui\u00e9n no est\u00e1 obligado?","answerCount":1,"acceptedAnswer":{"@type":"Answer","text":" No estar\u00e1n obligados a la presentaci\u00f3n de sus facturas en formato electr\u00f3nico, las personas f\u00edsicas (profesionales), asociaciones o comunidades de bienes. ","inLanguage":"en-US"},"inLanguage":"en-US"},{"@type":"Question","@id":"https:\/\/paredesfest.net\/facturacion-parees\/#faq-question-1556270810702","position":3,"url":"https:\/\/paredesfest.net\/facturacion-parees\/#faq-question-1556270810702","name":"\u00bfQu\u00e9 formato ha de tener la factura electr\u00f3nica?","answerCount":1,"acceptedAnswer":{"@type":"Answer","text":" Las facturas electr\u00f3nicas solo pueden ser emitidas en formato facturae, de acuerdo con la ley 25\/2013, y sus disposiciones de desarrollo. Para m\u00e1s informaci\u00f3n consultar el siguiente\u00a0enlace ","inLanguage":"en-US"},"inLanguage":"en-US"},{"@type":"Question","@id":"https:\/\/paredesfest.net\/facturacion-parees\/#faq-question-1556270873473","position":4,"url":"https:\/\/paredesfest.net\/facturacion-parees\/#faq-question-1556270873473","name":"\u00bfD\u00f3nde se presentan las facturas electr\u00f3nicas?","answerCount":1,"acceptedAnswer":{"@type":"Answer","text":" Las facturas electr\u00f3nicas solo podr\u00e1n presentarse a trav\u00e9s del punto general de entrada de facturas electr\u00f3nicas de la administraci\u00f3n que corresponda. En el caso del Ayuntamiento de Oviedo, en virtud de acuerdo de adhesi\u00f3n, el punto general ser\u00e1 el de la\u00a0Administraci\u00f3n del Estado (FACe), cuyo enlace es\u00a0este.En esta p\u00e1gina se ofrece informaci\u00f3n de los pasos a seguir para presentar las facturas electr\u00f3nicas a trav\u00e9s del punto general de entrada. ","inLanguage":"en-US"},"inLanguage":"en-US"},{"@type":"Question","@id":"https:\/\/paredesfest.net\/facturacion-parees\/#faq-question-1556270969123","position":5,"url":"https:\/\/paredesfest.net\/facturacion-parees\/#faq-question-1556270969123","name":"\u00d3rganos administrativos implicados en la tramitaci\u00f3n de la factura","answerCount":1,"acceptedAnswer":{"@type":"Answer","text":"Oficina Contable Direcci\u00f3n de Contabilidad:  LA 0001226 \u00d3rgano gestor Fundaci\u00f3n Municipal de Cultura:  LA 0001278   Unidad Tramitadora Fundaci\u00f3n Municipal de Cultura:  LA 0001278 ","inLanguage":"en-US"},"inLanguage":"en-US"},{"@type":"HowTo","@id":"https:\/\/paredesfest.net\/facturacion-parees\/#howto-1","name":"Facturaci\u00f3n Parees","mainEntityOfPage":{"@id":"https:\/\/paredesfest.net\/facturacion-parees\/"},"description":"Documentaci\u00f3n a presentar:","step":[{"@type":"HowToStep","url":"https:\/\/paredesfest.net\/facturacion-parees\/#how-to-step-1556261749966","name":"Certificado de titularidad bancaria","itemListElement":[{"@type":"HowToDirection","text":"Se consigue en el banco"}]},{"@type":"HowToStep","url":"https:\/\/paredesfest.net\/facturacion-parees\/#how-to-step-1556261943238","name":"Si tu IRPF est\u00e1 reducido al 7% tambi\u00e9n hay que presentar el documento:","itemListElement":[{"@type":"HowToDirection","text":"Comunicacion tipo reducido IRPF 7%"}]},{"@type":"HowToStep","url":"https:\/\/paredesfest.net\/facturacion-parees\/#how-to-step-1556262069454","name":"Factura","itemListElement":[{"@type":"HowToDirection","text":"Las facturas se env\u00edan a:  hola@paredesfest.net En la columna de la derecha puedes descargar plantillas de facturas.Las facturas van dirigidas a: Fundaci\u00f3n Municipal de Cultura del Ayuntamiento de Oviedo19 de Julio, s\/n (Teatro Campoamor) - 33002 Oviedo (Asturias)  CIF Q3300365H Deben incluir siempre los siguientes c\u00f3digos: Oficina Contable Direcci\u00f3n de Contabilidad:  LA 0001226 \u00d3rgano gestor Fundaci\u00f3n Municipal de Cultura:  LA 0001278   Unidad Tramitadora Fundaci\u00f3n Municipal de Cultura:  LA 0001278  El concepto de la factura siempre debe incluir el nombre del festival y el a\u00f1o: Parees 20XX"}]}],"inLanguage":"en-US"}]}},"_links":{"self":[{"href":"https:\/\/paredesfest.net\/en\/wp-json\/wp\/v2\/pages\/1733","targetHints":{"allow":["GET"]}}],"collection":[{"href":"https:\/\/paredesfest.net\/en\/wp-json\/wp\/v2\/pages"}],"about":[{"href":"https:\/\/paredesfest.net\/en\/wp-json\/wp\/v2\/types\/page"}],"author":[{"embeddable":true,"href":"https:\/\/paredesfest.net\/en\/wp-json\/wp\/v2\/users\/1"}],"replies":[{"embeddable":true,"href":"https:\/\/paredesfest.net\/en\/wp-json\/wp\/v2\/comments?post=1733"}],"version-history":[{"count":15,"href":"https:\/\/paredesfest.net\/en\/wp-json\/wp\/v2\/pages\/1733\/revisions"}],"predecessor-version":[{"id":3350,"href":"https:\/\/paredesfest.net\/en\/wp-json\/wp\/v2\/pages\/1733\/revisions\/3350"}],"wp:attachment":[{"href":"https:\/\/paredesfest.net\/en\/wp-json\/wp\/v2\/media?parent=1733"}],"wp:term":[{"taxonomy":"category","embeddable":true,"href":"https:\/\/paredesfest.net\/en\/wp-json\/wp\/v2\/categories?post=1733"},{"taxonomy":"post_tag","embeddable":true,"href":"https:\/\/paredesfest.net\/en\/wp-json\/wp\/v2\/tags?post=1733"}],"curies":[{"name":"wp","href":"https:\/\/api.w.org\/{rel}","templated":true}]}}