{"id":1955,"date":"2019-07-15T18:10:09","date_gmt":"2019-07-15T18:10:09","guid":{"rendered":"http:\/\/paredesfest.net\/?page_id=1955"},"modified":"2022-09-06T20:54:21","modified_gmt":"2022-09-06T20:54:21","slug":"catalina-rodriguez-villazon","status":"publish","type":"page","link":"https:\/\/paredesfest.net\/en\/artists\/catalina-rodriguez-villazon\/","title":{"rendered":"Catalina Rodr\u00edguez Villaz\u00f3n"},"content":{"rendered":"<div class=\"entry-content\" itemprop=\"text\">\n<p>Catalina Rodr\u00edguez Villaz\u00f3n is an artist from Villaviciosa, Asturias (Spain). Graduated in Pharmacy and Environmental Engineering, in 2012 she takes up her passion for art and it is in 2017 when she leaves her specialized work in air quality in Santiago de Compostela and moves to Madrid to dedicate herself full time to painting. In 2019 she finished the master&#8217;s degree in Artistic Professions of the South School in the C\u00edrculo de Bellas Artes.<\/p>\n\n\n\n<p>In her works, the combination of strength and delicacy, the search for balance and the importance of gesture are recurrent themes.<br>Her main means of expression is watercolor and she values \u200b\u200bcollaborate and work with other languages \u200b\u200b(\u200b\u200bfor being a) source of inspiration and possibilities. She has taught watercolor workshops as an artist in residence, in photography and yoga retreats in Croatia, Portugal, Cuba and Greece. He has also given workshops in places as different as the Platanera in A Illa de Arousa, La Cosmica in Gijon, The Cervantine Society or Lady Madonna in Madrid. This fall she will travel to Tokyo and Los Angeles to continue exploring her practice and work on various projects.<\/p>\n\n\n\n<p>Web: <a href=\"https:\/\/www.catalinarodriguezvillazon.com\/\">https:\/\/www.catalinarodriguezvillazon.com\/<\/a> <br>Instagram: <a href=\"https:\/\/www.instagram.com\/catalina.rodriguez.villazon\/\">https:\/\/www.instagram.com\/catalina.rodriguez.villazon\/<\/a><\/p>\n\n\n\n<figure class=\"wp-block-embed-youtube wp-block-embed is-type-video is-provider-youtube wp-embed-aspect-16-9 wp-has-aspect-ratio\"><div class=\"wp-block-embed__wrapper\">\n<iframe loading=\"lazy\" title=\"Catalina Rodr\u00edguez Villaz\u00f3n. Parees Fest 2019. C\u00f3mo se hizo.\" width=\"640\" height=\"360\" src=\"https:\/\/www.youtube.com\/embed\/iC6nUhN-MN8?feature=oembed\" frameborder=\"0\" allow=\"accelerometer; autoplay; clipboard-write; encrypted-media; gyroscope; picture-in-picture; web-share\" referrerpolicy=\"strict-origin-when-cross-origin\" allowfullscreen><\/iframe>\n<\/div><\/figure>\n\n\n\n<figure class=\"wp-block-image size-large\"><img loading=\"lazy\" decoding=\"async\" width=\"1024\" height=\"683\" src=\"http:\/\/paredesfest.net\/wp-content\/uploads\/2020\/02\/46-CATALINA-Aida-1024x683.jpg\" alt=\"\" class=\"wp-image-2340\" srcset=\"https:\/\/paredesfest.net\/wp-content\/uploads\/2020\/02\/46-CATALINA-Aida-1024x683.jpg 1024w, https:\/\/paredesfest.net\/wp-content\/uploads\/2020\/02\/46-CATALINA-Aida-300x200.jpg 300w, https:\/\/paredesfest.net\/wp-content\/uploads\/2020\/02\/46-CATALINA-Aida-768x512.jpg 768w, https:\/\/paredesfest.net\/wp-content\/uploads\/2020\/02\/46-CATALINA-Aida-1536x1024.jpg 1536w, https:\/\/paredesfest.net\/wp-content\/uploads\/2020\/02\/46-CATALINA-Aida-scaled.jpg 2048w, https:\/\/paredesfest.net\/wp-content\/uploads\/2020\/02\/46-CATALINA-Aida-640x427.jpg 640w\" sizes=\"auto, (max-width: 1024px) 100vw, 1024px\" \/><\/figure>\n\n\n\n<figure class=\"wp-block-gallery columns-3 is-cropped wp-block-gallery-2 is-layout-flex wp-block-gallery-is-layout-flex\"><ul class=\"blocks-gallery-grid\"><li class=\"blocks-gallery-item\"><figure><img loading=\"lazy\" decoding=\"async\" width=\"1024\" height=\"683\" src=\"http:\/\/paredesfest.net\/wp-content\/uploads\/2020\/02\/35-CATALINA-Aida-1024x683.jpg\" alt=\"\" data-id=\"2353\" data-full-url=\"http:\/\/paredesfest.net\/wp-content\/uploads\/2020\/02\/35-CATALINA-Aida-scaled.jpg\" data-link=\"http:\/\/paredesfest.net\/artistas\/catalina-rodriguez-villazon\/35-catalina-aida\/\" class=\"wp-image-2353\" srcset=\"https:\/\/paredesfest.net\/wp-content\/uploads\/2020\/02\/35-CATALINA-Aida-1024x683.jpg 1024w, https:\/\/paredesfest.net\/wp-content\/uploads\/2020\/02\/35-CATALINA-Aida-300x200.jpg 300w, https:\/\/paredesfest.net\/wp-content\/uploads\/2020\/02\/35-CATALINA-Aida-768x512.jpg 768w, https:\/\/paredesfest.net\/wp-content\/uploads\/2020\/02\/35-CATALINA-Aida-1536x1024.jpg 1536w, https:\/\/paredesfest.net\/wp-content\/uploads\/2020\/02\/35-CATALINA-Aida-scaled.jpg 2048w, https:\/\/paredesfest.net\/wp-content\/uploads\/2020\/02\/35-CATALINA-Aida-640x427.jpg 640w\" sizes=\"auto, (max-width: 1024px) 100vw, 1024px\" \/><\/figure><\/li><li class=\"blocks-gallery-item\"><figure><img loading=\"lazy\" decoding=\"async\" width=\"1024\" height=\"683\" src=\"http:\/\/paredesfest.net\/wp-content\/uploads\/2020\/02\/03_Cata_Fer-1024x683.jpeg\" alt=\"\" data-id=\"2352\" data-full-url=\"http:\/\/paredesfest.net\/wp-content\/uploads\/2020\/02\/03_Cata_Fer-scaled.jpeg\" data-link=\"http:\/\/paredesfest.net\/artistas\/catalina-rodriguez-villazon\/03_cata_fer\/\" class=\"wp-image-2352\" srcset=\"https:\/\/paredesfest.net\/wp-content\/uploads\/2020\/02\/03_Cata_Fer-1024x683.jpeg 1024w, https:\/\/paredesfest.net\/wp-content\/uploads\/2020\/02\/03_Cata_Fer-300x200.jpeg 300w, https:\/\/paredesfest.net\/wp-content\/uploads\/2020\/02\/03_Cata_Fer-768x512.jpeg 768w, https:\/\/paredesfest.net\/wp-content\/uploads\/2020\/02\/03_Cata_Fer-1536x1024.jpeg 1536w, https:\/\/paredesfest.net\/wp-content\/uploads\/2020\/02\/03_Cata_Fer-scaled.jpeg 2048w, https:\/\/paredesfest.net\/wp-content\/uploads\/2020\/02\/03_Cata_Fer-640x427.jpeg 640w\" sizes=\"auto, (max-width: 1024px) 100vw, 1024px\" \/><\/figure><\/li><li class=\"blocks-gallery-item\"><figure><img loading=\"lazy\" decoding=\"async\" width=\"1024\" height=\"683\" src=\"http:\/\/paredesfest.net\/wp-content\/uploads\/2020\/02\/02_Cata_Fer-1024x683.jpeg\" alt=\"\" data-id=\"2351\" data-full-url=\"http:\/\/paredesfest.net\/wp-content\/uploads\/2020\/02\/02_Cata_Fer-scaled.jpeg\" data-link=\"http:\/\/paredesfest.net\/artistas\/catalina-rodriguez-villazon\/02_cata_fer\/\" class=\"wp-image-2351\" srcset=\"https:\/\/paredesfest.net\/wp-content\/uploads\/2020\/02\/02_Cata_Fer-1024x683.jpeg 1024w, https:\/\/paredesfest.net\/wp-content\/uploads\/2020\/02\/02_Cata_Fer-300x200.jpeg 300w, https:\/\/paredesfest.net\/wp-content\/uploads\/2020\/02\/02_Cata_Fer-768x512.jpeg 768w, https:\/\/paredesfest.net\/wp-content\/uploads\/2020\/02\/02_Cata_Fer-1536x1024.jpeg 1536w, https:\/\/paredesfest.net\/wp-content\/uploads\/2020\/02\/02_Cata_Fer-scaled.jpeg 2048w, https:\/\/paredesfest.net\/wp-content\/uploads\/2020\/02\/02_Cata_Fer-640x427.jpeg 640w\" sizes=\"auto, (max-width: 1024px) 100vw, 1024px\" \/><\/figure><\/li><li class=\"blocks-gallery-item\"><figure><img loading=\"lazy\" decoding=\"async\" width=\"1024\" height=\"683\" src=\"http:\/\/paredesfest.net\/wp-content\/uploads\/2020\/02\/24-CATALINA-Aida-1024x683.jpg\" alt=\"\" data-id=\"2350\" data-full-url=\"http:\/\/paredesfest.net\/wp-content\/uploads\/2020\/02\/24-CATALINA-Aida-scaled.jpg\" data-link=\"http:\/\/paredesfest.net\/artistas\/catalina-rodriguez-villazon\/24-catalina-aida\/\" class=\"wp-image-2350\" srcset=\"https:\/\/paredesfest.net\/wp-content\/uploads\/2020\/02\/24-CATALINA-Aida-1024x683.jpg 1024w, https:\/\/paredesfest.net\/wp-content\/uploads\/2020\/02\/24-CATALINA-Aida-300x200.jpg 300w, https:\/\/paredesfest.net\/wp-content\/uploads\/2020\/02\/24-CATALINA-Aida-768x512.jpg 768w, https:\/\/paredesfest.net\/wp-content\/uploads\/2020\/02\/24-CATALINA-Aida-1536x1024.jpg 1536w, https:\/\/paredesfest.net\/wp-content\/uploads\/2020\/02\/24-CATALINA-Aida-scaled.jpg 2048w, https:\/\/paredesfest.net\/wp-content\/uploads\/2020\/02\/24-CATALINA-Aida-640x427.jpg 640w\" sizes=\"auto, (max-width: 1024px) 100vw, 1024px\" \/><\/figure><\/li><li class=\"blocks-gallery-item\"><figure><img loading=\"lazy\" decoding=\"async\" width=\"1024\" height=\"683\" src=\"http:\/\/paredesfest.net\/wp-content\/uploads\/2020\/02\/01_Cata_Fer-1024x683.jpeg\" alt=\"\" data-id=\"2349\" data-full-url=\"http:\/\/paredesfest.net\/wp-content\/uploads\/2020\/02\/01_Cata_Fer-scaled.jpeg\" data-link=\"http:\/\/paredesfest.net\/artistas\/catalina-rodriguez-villazon\/01_cata_fer\/\" class=\"wp-image-2349\" srcset=\"https:\/\/paredesfest.net\/wp-content\/uploads\/2020\/02\/01_Cata_Fer-1024x683.jpeg 1024w, https:\/\/paredesfest.net\/wp-content\/uploads\/2020\/02\/01_Cata_Fer-300x200.jpeg 300w, https:\/\/paredesfest.net\/wp-content\/uploads\/2020\/02\/01_Cata_Fer-768x512.jpeg 768w, https:\/\/paredesfest.net\/wp-content\/uploads\/2020\/02\/01_Cata_Fer-1536x1024.jpeg 1536w, https:\/\/paredesfest.net\/wp-content\/uploads\/2020\/02\/01_Cata_Fer-scaled.jpeg 2048w, https:\/\/paredesfest.net\/wp-content\/uploads\/2020\/02\/01_Cata_Fer-640x427.jpeg 640w\" sizes=\"auto, (max-width: 1024px) 100vw, 1024px\" \/><\/figure><\/li><li class=\"blocks-gallery-item\"><figure><img loading=\"lazy\" decoding=\"async\" width=\"656\" height=\"1024\" src=\"http:\/\/paredesfest.net\/wp-content\/uploads\/2020\/02\/26_Cata_Fer-656x1024.jpeg\" alt=\"\" data-id=\"2348\" data-full-url=\"http:\/\/paredesfest.net\/wp-content\/uploads\/2020\/02\/26_Cata_Fer-scaled.jpeg\" data-link=\"http:\/\/paredesfest.net\/artistas\/catalina-rodriguez-villazon\/26_cata_fer\/\" class=\"wp-image-2348\" srcset=\"https:\/\/paredesfest.net\/wp-content\/uploads\/2020\/02\/26_Cata_Fer-656x1024.jpeg 656w, https:\/\/paredesfest.net\/wp-content\/uploads\/2020\/02\/26_Cata_Fer-192x300.jpeg 192w, https:\/\/paredesfest.net\/wp-content\/uploads\/2020\/02\/26_Cata_Fer-768x1199.jpeg 768w, https:\/\/paredesfest.net\/wp-content\/uploads\/2020\/02\/26_Cata_Fer-984x1536.jpeg 984w, https:\/\/paredesfest.net\/wp-content\/uploads\/2020\/02\/26_Cata_Fer-scaled.jpeg 1311w, https:\/\/paredesfest.net\/wp-content\/uploads\/2020\/02\/26_Cata_Fer-640x999.jpeg 640w, https:\/\/paredesfest.net\/wp-content\/uploads\/2020\/02\/26_Cata_Fer-300x468.jpeg 300w\" sizes=\"auto, (max-width: 656px) 100vw, 656px\" \/><\/figure><\/li><li class=\"blocks-gallery-item\"><figure><img loading=\"lazy\" decoding=\"async\" width=\"683\" height=\"1024\" src=\"http:\/\/paredesfest.net\/wp-content\/uploads\/2020\/02\/43-CATALINA-Aida-683x1024.jpg\" alt=\"\" data-id=\"2342\" data-full-url=\"http:\/\/paredesfest.net\/wp-content\/uploads\/2020\/02\/43-CATALINA-Aida-scaled.jpg\" data-link=\"http:\/\/paredesfest.net\/artistas\/catalina-rodriguez-villazon\/43-catalina-aida\/\" class=\"wp-image-2342\" srcset=\"https:\/\/paredesfest.net\/wp-content\/uploads\/2020\/02\/43-CATALINA-Aida-683x1024.jpg 683w, https:\/\/paredesfest.net\/wp-content\/uploads\/2020\/02\/43-CATALINA-Aida-200x300.jpg 200w, https:\/\/paredesfest.net\/wp-content\/uploads\/2020\/02\/43-CATALINA-Aida-768x1152.jpg 768w, https:\/\/paredesfest.net\/wp-content\/uploads\/2020\/02\/43-CATALINA-Aida-1024x1536.jpg 1024w, https:\/\/paredesfest.net\/wp-content\/uploads\/2020\/02\/43-CATALINA-Aida-scaled.jpg 1365w, https:\/\/paredesfest.net\/wp-content\/uploads\/2020\/02\/43-CATALINA-Aida-640x960.jpg 640w, https:\/\/paredesfest.net\/wp-content\/uploads\/2020\/02\/43-CATALINA-Aida-300x450.jpg 300w\" sizes=\"auto, (max-width: 683px) 100vw, 683px\" \/><\/figure><\/li><li class=\"blocks-gallery-item\"><figure><img loading=\"lazy\" decoding=\"async\" width=\"1024\" height=\"683\" src=\"http:\/\/paredesfest.net\/wp-content\/uploads\/2020\/02\/05_Cata_Fer-1024x683.jpeg\" alt=\"\" data-id=\"2343\" data-full-url=\"http:\/\/paredesfest.net\/wp-content\/uploads\/2020\/02\/05_Cata_Fer-scaled.jpeg\" data-link=\"http:\/\/paredesfest.net\/artistas\/catalina-rodriguez-villazon\/05_cata_fer\/\" class=\"wp-image-2343\" srcset=\"https:\/\/paredesfest.net\/wp-content\/uploads\/2020\/02\/05_Cata_Fer-1024x683.jpeg 1024w, https:\/\/paredesfest.net\/wp-content\/uploads\/2020\/02\/05_Cata_Fer-300x200.jpeg 300w, https:\/\/paredesfest.net\/wp-content\/uploads\/2020\/02\/05_Cata_Fer-768x512.jpeg 768w, https:\/\/paredesfest.net\/wp-content\/uploads\/2020\/02\/05_Cata_Fer-1536x1024.jpeg 1536w, https:\/\/paredesfest.net\/wp-content\/uploads\/2020\/02\/05_Cata_Fer-scaled.jpeg 2048w, https:\/\/paredesfest.net\/wp-content\/uploads\/2020\/02\/05_Cata_Fer-640x427.jpeg 640w\" sizes=\"auto, (max-width: 1024px) 100vw, 1024px\" \/><\/figure><\/li><li class=\"blocks-gallery-item\"><figure><img loading=\"lazy\" decoding=\"async\" width=\"1024\" height=\"683\" src=\"http:\/\/paredesfest.net\/wp-content\/uploads\/2020\/02\/01-CATALINA-Aida-1024x683.jpg\" alt=\"\" data-id=\"2344\" data-full-url=\"http:\/\/paredesfest.net\/wp-content\/uploads\/2020\/02\/01-CATALINA-Aida-scaled.jpg\" data-link=\"http:\/\/paredesfest.net\/artistas\/catalina-rodriguez-villazon\/01-catalina-aida\/\" class=\"wp-image-2344\" srcset=\"https:\/\/paredesfest.net\/wp-content\/uploads\/2020\/02\/01-CATALINA-Aida-1024x683.jpg 1024w, https:\/\/paredesfest.net\/wp-content\/uploads\/2020\/02\/01-CATALINA-Aida-300x200.jpg 300w, https:\/\/paredesfest.net\/wp-content\/uploads\/2020\/02\/01-CATALINA-Aida-768x512.jpg 768w, https:\/\/paredesfest.net\/wp-content\/uploads\/2020\/02\/01-CATALINA-Aida-1536x1024.jpg 1536w, https:\/\/paredesfest.net\/wp-content\/uploads\/2020\/02\/01-CATALINA-Aida-scaled.jpg 2048w, https:\/\/paredesfest.net\/wp-content\/uploads\/2020\/02\/01-CATALINA-Aida-640x427.jpg 640w\" sizes=\"auto, (max-width: 1024px) 100vw, 1024px\" \/><\/figure><\/li><li class=\"blocks-gallery-item\"><figure><img loading=\"lazy\" decoding=\"async\" width=\"1024\" height=\"682\" src=\"http:\/\/paredesfest.net\/wp-content\/uploads\/2020\/02\/15_Cata_Fer-1024x682.jpeg\" alt=\"\" data-id=\"2345\" data-full-url=\"http:\/\/paredesfest.net\/wp-content\/uploads\/2020\/02\/15_Cata_Fer-scaled.jpeg\" data-link=\"http:\/\/paredesfest.net\/artistas\/catalina-rodriguez-villazon\/15_cata_fer\/\" class=\"wp-image-2345\" srcset=\"https:\/\/paredesfest.net\/wp-content\/uploads\/2020\/02\/15_Cata_Fer-1024x682.jpeg 1024w, https:\/\/paredesfest.net\/wp-content\/uploads\/2020\/02\/15_Cata_Fer-300x200.jpeg 300w, https:\/\/paredesfest.net\/wp-content\/uploads\/2020\/02\/15_Cata_Fer-768x512.jpeg 768w, https:\/\/paredesfest.net\/wp-content\/uploads\/2020\/02\/15_Cata_Fer-1536x1024.jpeg 1536w, https:\/\/paredesfest.net\/wp-content\/uploads\/2020\/02\/15_Cata_Fer-scaled.jpeg 2048w, https:\/\/paredesfest.net\/wp-content\/uploads\/2020\/02\/15_Cata_Fer-640x426.jpeg 640w\" sizes=\"auto, (max-width: 1024px) 100vw, 1024px\" \/><\/figure><\/li><li class=\"blocks-gallery-item\"><figure><img loading=\"lazy\" decoding=\"async\" width=\"1024\" height=\"635\" src=\"http:\/\/paredesfest.net\/wp-content\/uploads\/2020\/02\/16_Cata_Fer-1024x635.jpeg\" alt=\"\" data-id=\"2346\" data-full-url=\"http:\/\/paredesfest.net\/wp-content\/uploads\/2020\/02\/16_Cata_Fer-scaled.jpeg\" data-link=\"http:\/\/paredesfest.net\/artistas\/catalina-rodriguez-villazon\/16_cata_fer\/\" class=\"wp-image-2346\" srcset=\"https:\/\/paredesfest.net\/wp-content\/uploads\/2020\/02\/16_Cata_Fer-1024x635.jpeg 1024w, https:\/\/paredesfest.net\/wp-content\/uploads\/2020\/02\/16_Cata_Fer-300x186.jpeg 300w, https:\/\/paredesfest.net\/wp-content\/uploads\/2020\/02\/16_Cata_Fer-768x476.jpeg 768w, https:\/\/paredesfest.net\/wp-content\/uploads\/2020\/02\/16_Cata_Fer-1536x952.jpeg 1536w, https:\/\/paredesfest.net\/wp-content\/uploads\/2020\/02\/16_Cata_Fer-scaled.jpeg 2048w, https:\/\/paredesfest.net\/wp-content\/uploads\/2020\/02\/16_Cata_Fer-640x397.jpeg 640w\" sizes=\"auto, (max-width: 1024px) 100vw, 1024px\" \/><\/figure><\/li><li class=\"blocks-gallery-item\"><figure><img loading=\"lazy\" decoding=\"async\" width=\"1024\" height=\"683\" src=\"http:\/\/paredesfest.net\/wp-content\/uploads\/2020\/02\/19-CATALINA-Aida-1024x683.jpg\" alt=\"\" data-id=\"2347\" data-full-url=\"http:\/\/paredesfest.net\/wp-content\/uploads\/2020\/02\/19-CATALINA-Aida-scaled.jpg\" data-link=\"http:\/\/paredesfest.net\/artistas\/catalina-rodriguez-villazon\/19-catalina-aida\/\" class=\"wp-image-2347\" srcset=\"https:\/\/paredesfest.net\/wp-content\/uploads\/2020\/02\/19-CATALINA-Aida-1024x683.jpg 1024w, https:\/\/paredesfest.net\/wp-content\/uploads\/2020\/02\/19-CATALINA-Aida-300x200.jpg 300w, https:\/\/paredesfest.net\/wp-content\/uploads\/2020\/02\/19-CATALINA-Aida-768x512.jpg 768w, https:\/\/paredesfest.net\/wp-content\/uploads\/2020\/02\/19-CATALINA-Aida-1536x1024.jpg 1536w, https:\/\/paredesfest.net\/wp-content\/uploads\/2020\/02\/19-CATALINA-Aida-scaled.jpg 2048w, https:\/\/paredesfest.net\/wp-content\/uploads\/2020\/02\/19-CATALINA-Aida-640x427.jpg 640w\" sizes=\"auto, (max-width: 1024px) 100vw, 1024px\" \/><\/figure><\/li><\/ul><\/figure>\n\n\n<p><\/p>\n<\/div>\n","protected":false},"excerpt":{"rendered":"<div class=\"entry-summary\" itemprop=\"text\">\n<p>Catalina Rodr\u00edguez Villaz\u00f3n is an artist from Villaviciosa, Asturias (Spain). Graduated in Pharmacy and Environmental Engineering, in 2012 she takes up her passion for art and it is in 2017 when she leaves her specialized work in air quality in Santiago de Compostela and moves to Madrid to dedicate herself full time to painting. In 2019 she finished the master&#8217;s degree in Artistic Professions of the South School in the C\u00edrculo de Bellas Artes.<\/p>\n<p>In her works, <a href=\"https:\/\/paredesfest.net\/en\/artists\/catalina-rodriguez-villazon\/\">&nbsp;&raquo;&nbsp;Read more about: Catalina Rodr\u00edguez Villaz\u00f3n &nbsp;&raquo;<\/a><\/p>\n\n<\/div>\n","protected":false},"author":1,"featured_media":2344,"parent":22,"menu_order":18,"comment_status":"closed","ping_status":"closed","template":"","meta":{"footnotes":""},"categories":[13],"tags":[],"class_list":["post-1955","page","type-page","status-publish","has-post-thumbnail","hentry","category-13","entry-lead"],"yoast_head":"<!-- This site is optimized with the Yoast SEO plugin v27.4 - https:\/\/yoast.com\/product\/yoast-seo-wordpress\/ -->\n<title>Catalina Rodr\u00edguez Villaz\u00f3n - Parees Festival de Intervenci\u00f3n mural de Oviedo<\/title>\n<meta name=\"robots\" content=\"index, follow, max-snippet:-1, max-image-preview:large, max-video-preview:-1\" \/>\n<link rel=\"canonical\" href=\"https:\/\/paredesfest.net\/artistas\/catalina-rodriguez-villazon\/\" \/>\n<meta property=\"og:locale\" content=\"en_US\" \/>\n<meta property=\"og:type\" content=\"article\" \/>\n<meta property=\"og:title\" content=\"Catalina Rodr\u00edguez Villaz\u00f3n - Parees Festival de Intervenci\u00f3n mural de Oviedo\" \/>\n<meta property=\"og:description\" content=\"Catalina Rodr\u00edguez Villaz\u00f3n is an artist from Villaviciosa, Asturias (Spain). Graduated in Pharmacy and Environmental Engineering, in 2012 she takes up her passion for art and it is in 2017 when she leaves her specialized work in air quality in Santiago de Compostela and moves to Madrid to dedicate herself full time to painting. In 2019 she finished the master&#8217;s degree in Artistic Professions of the South School in the C\u00edrculo de Bellas Artes.  In her works, &nbsp;&raquo;&nbsp;Read more about: Catalina Rodr\u00edguez Villaz\u00f3n &nbsp;&raquo;\" \/>\n<meta property=\"og:url\" content=\"https:\/\/paredesfest.net\/artistas\/catalina-rodriguez-villazon\/\" \/>\n<meta property=\"og:site_name\" content=\"Parees\" \/>\n<meta property=\"article:publisher\" content=\"https:\/\/www.facebook.com\/pareesfest\" \/>\n<meta property=\"article:modified_time\" content=\"2022-09-06T20:54:21+00:00\" \/>\n<meta property=\"og:image\" content=\"https:\/\/paredesfest.net\/wp-content\/uploads\/2020\/02\/01-CATALINA-Aida-scaled.jpg\" \/>\n\t<meta property=\"og:image:width\" content=\"2048\" \/>\n\t<meta property=\"og:image:height\" content=\"1365\" \/>\n\t<meta property=\"og:image:type\" content=\"image\/jpeg\" \/>\n<meta name=\"twitter:card\" content=\"summary_large_image\" \/>\n<meta name=\"twitter:site\" content=\"@pareesfest\" \/>\n<meta name=\"twitter:label1\" content=\"Est. reading time\" \/>\n\t<meta name=\"twitter:data1\" content=\"2 minutes\" \/>\n<script type=\"application\/ld+json\" class=\"yoast-schema-graph\">{\"@context\":\"https:\\\/\\\/schema.org\",\"@graph\":[{\"@type\":\"WebPage\",\"@id\":\"https:\\\/\\\/paredesfest.net\\\/artistas\\\/catalina-rodriguez-villazon\\\/\",\"url\":\"https:\\\/\\\/paredesfest.net\\\/artistas\\\/catalina-rodriguez-villazon\\\/\",\"name\":\"Catalina Rodr\u00edguez Villaz\u00f3n - Parees Festival de Intervenci\u00f3n mural de Oviedo\",\"isPartOf\":{\"@id\":\"https:\\\/\\\/paredesfest.net\\\/#website\"},\"primaryImageOfPage\":{\"@id\":\"https:\\\/\\\/paredesfest.net\\\/artistas\\\/catalina-rodriguez-villazon\\\/#primaryimage\"},\"image\":{\"@id\":\"https:\\\/\\\/paredesfest.net\\\/artistas\\\/catalina-rodriguez-villazon\\\/#primaryimage\"},\"thumbnailUrl\":\"https:\\\/\\\/paredesfest.net\\\/wp-content\\\/uploads\\\/2020\\\/02\\\/01-CATALINA-Aida-scaled.jpg\",\"datePublished\":\"2019-07-15T18:10:09+00:00\",\"dateModified\":\"2022-09-06T20:54:21+00:00\",\"breadcrumb\":{\"@id\":\"https:\\\/\\\/paredesfest.net\\\/artistas\\\/catalina-rodriguez-villazon\\\/#breadcrumb\"},\"inLanguage\":\"en-US\",\"potentialAction\":[{\"@type\":\"ReadAction\",\"target\":[\"https:\\\/\\\/paredesfest.net\\\/artistas\\\/catalina-rodriguez-villazon\\\/\"]}]},{\"@type\":\"ImageObject\",\"inLanguage\":\"en-US\",\"@id\":\"https:\\\/\\\/paredesfest.net\\\/artistas\\\/catalina-rodriguez-villazon\\\/#primaryimage\",\"url\":\"https:\\\/\\\/paredesfest.net\\\/wp-content\\\/uploads\\\/2020\\\/02\\\/01-CATALINA-Aida-scaled.jpg\",\"contentUrl\":\"https:\\\/\\\/paredesfest.net\\\/wp-content\\\/uploads\\\/2020\\\/02\\\/01-CATALINA-Aida-scaled.jpg\",\"width\":2048,\"height\":1365},{\"@type\":\"BreadcrumbList\",\"@id\":\"https:\\\/\\\/paredesfest.net\\\/artistas\\\/catalina-rodriguez-villazon\\\/#breadcrumb\",\"itemListElement\":[{\"@type\":\"ListItem\",\"position\":1,\"name\":\"Portada\",\"item\":\"https:\\\/\\\/paredesfest.net\\\/\"},{\"@type\":\"ListItem\",\"position\":2,\"name\":\"Artistas\",\"item\":\"https:\\\/\\\/paredesfest.net\\\/artistas\\\/\"},{\"@type\":\"ListItem\",\"position\":3,\"name\":\"Catalina Rodr\u00edguez Villaz\u00f3n\"}]},{\"@type\":\"WebSite\",\"@id\":\"https:\\\/\\\/paredesfest.net\\\/#website\",\"url\":\"https:\\\/\\\/paredesfest.net\\\/\",\"name\":\"Parees\",\"description\":\"Oviedo Contextual Mural Festival\",\"potentialAction\":[{\"@type\":\"SearchAction\",\"target\":{\"@type\":\"EntryPoint\",\"urlTemplate\":\"https:\\\/\\\/paredesfest.net\\\/?s={search_term_string}\"},\"query-input\":{\"@type\":\"PropertyValueSpecification\",\"valueRequired\":true,\"valueName\":\"search_term_string\"}}],\"inLanguage\":\"en-US\"}]}<\/script>\n<!-- \/ Yoast SEO plugin. -->","yoast_head_json":{"title":"Catalina Rodr\u00edguez Villaz\u00f3n - Parees Festival de Intervenci\u00f3n mural de Oviedo","robots":{"index":"index","follow":"follow","max-snippet":"max-snippet:-1","max-image-preview":"max-image-preview:large","max-video-preview":"max-video-preview:-1"},"canonical":"https:\/\/paredesfest.net\/artistas\/catalina-rodriguez-villazon\/","og_locale":"en_US","og_type":"article","og_title":"Catalina Rodr\u00edguez Villaz\u00f3n - Parees Festival de Intervenci\u00f3n mural de Oviedo","og_description":"Catalina Rodr\u00edguez Villaz\u00f3n is an artist from Villaviciosa, Asturias (Spain). Graduated in Pharmacy and Environmental Engineering, in 2012 she takes up her passion for art and it is in 2017 when she leaves her specialized work in air quality in Santiago de Compostela and moves to Madrid to dedicate herself full time to painting. In 2019 she finished the master&#8217;s degree in Artistic Professions of the South School in the C\u00edrculo de Bellas Artes.  In her works, &nbsp;&raquo;&nbsp;Read more about: Catalina Rodr\u00edguez Villaz\u00f3n &nbsp;&raquo;","og_url":"https:\/\/paredesfest.net\/artistas\/catalina-rodriguez-villazon\/","og_site_name":"Parees","article_publisher":"https:\/\/www.facebook.com\/pareesfest","article_modified_time":"2022-09-06T20:54:21+00:00","og_image":[{"width":2048,"height":1365,"url":"https:\/\/paredesfest.net\/wp-content\/uploads\/2020\/02\/01-CATALINA-Aida-scaled.jpg","type":"image\/jpeg"}],"twitter_card":"summary_large_image","twitter_site":"@pareesfest","twitter_misc":{"Est. reading time":"2 minutes"},"schema":{"@context":"https:\/\/schema.org","@graph":[{"@type":"WebPage","@id":"https:\/\/paredesfest.net\/artistas\/catalina-rodriguez-villazon\/","url":"https:\/\/paredesfest.net\/artistas\/catalina-rodriguez-villazon\/","name":"Catalina Rodr\u00edguez Villaz\u00f3n - Parees Festival de Intervenci\u00f3n mural de Oviedo","isPartOf":{"@id":"https:\/\/paredesfest.net\/#website"},"primaryImageOfPage":{"@id":"https:\/\/paredesfest.net\/artistas\/catalina-rodriguez-villazon\/#primaryimage"},"image":{"@id":"https:\/\/paredesfest.net\/artistas\/catalina-rodriguez-villazon\/#primaryimage"},"thumbnailUrl":"https:\/\/paredesfest.net\/wp-content\/uploads\/2020\/02\/01-CATALINA-Aida-scaled.jpg","datePublished":"2019-07-15T18:10:09+00:00","dateModified":"2022-09-06T20:54:21+00:00","breadcrumb":{"@id":"https:\/\/paredesfest.net\/artistas\/catalina-rodriguez-villazon\/#breadcrumb"},"inLanguage":"en-US","potentialAction":[{"@type":"ReadAction","target":["https:\/\/paredesfest.net\/artistas\/catalina-rodriguez-villazon\/"]}]},{"@type":"ImageObject","inLanguage":"en-US","@id":"https:\/\/paredesfest.net\/artistas\/catalina-rodriguez-villazon\/#primaryimage","url":"https:\/\/paredesfest.net\/wp-content\/uploads\/2020\/02\/01-CATALINA-Aida-scaled.jpg","contentUrl":"https:\/\/paredesfest.net\/wp-content\/uploads\/2020\/02\/01-CATALINA-Aida-scaled.jpg","width":2048,"height":1365},{"@type":"BreadcrumbList","@id":"https:\/\/paredesfest.net\/artistas\/catalina-rodriguez-villazon\/#breadcrumb","itemListElement":[{"@type":"ListItem","position":1,"name":"Portada","item":"https:\/\/paredesfest.net\/"},{"@type":"ListItem","position":2,"name":"Artistas","item":"https:\/\/paredesfest.net\/artistas\/"},{"@type":"ListItem","position":3,"name":"Catalina Rodr\u00edguez Villaz\u00f3n"}]},{"@type":"WebSite","@id":"https:\/\/paredesfest.net\/#website","url":"https:\/\/paredesfest.net\/","name":"Parees","description":"Oviedo Contextual Mural Festival","potentialAction":[{"@type":"SearchAction","target":{"@type":"EntryPoint","urlTemplate":"https:\/\/paredesfest.net\/?s={search_term_string}"},"query-input":{"@type":"PropertyValueSpecification","valueRequired":true,"valueName":"search_term_string"}}],"inLanguage":"en-US"}]}},"_links":{"self":[{"href":"https:\/\/paredesfest.net\/en\/wp-json\/wp\/v2\/pages\/1955","targetHints":{"allow":["GET"]}}],"collection":[{"href":"https:\/\/paredesfest.net\/en\/wp-json\/wp\/v2\/pages"}],"about":[{"href":"https:\/\/paredesfest.net\/en\/wp-json\/wp\/v2\/types\/page"}],"author":[{"embeddable":true,"href":"https:\/\/paredesfest.net\/en\/wp-json\/wp\/v2\/users\/1"}],"replies":[{"embeddable":true,"href":"https:\/\/paredesfest.net\/en\/wp-json\/wp\/v2\/comments?post=1955"}],"version-history":[{"count":11,"href":"https:\/\/paredesfest.net\/en\/wp-json\/wp\/v2\/pages\/1955\/revisions"}],"predecessor-version":[{"id":2355,"href":"https:\/\/paredesfest.net\/en\/wp-json\/wp\/v2\/pages\/1955\/revisions\/2355"}],"up":[{"embeddable":true,"href":"https:\/\/paredesfest.net\/en\/wp-json\/wp\/v2\/pages\/22"}],"wp:featuredmedia":[{"embeddable":true,"href":"https:\/\/paredesfest.net\/en\/wp-json\/wp\/v2\/media\/2344"}],"wp:attachment":[{"href":"https:\/\/paredesfest.net\/en\/wp-json\/wp\/v2\/media?parent=1955"}],"wp:term":[{"taxonomy":"category","embeddable":true,"href":"https:\/\/paredesfest.net\/en\/wp-json\/wp\/v2\/categories?post=1955"},{"taxonomy":"post_tag","embeddable":true,"href":"https:\/\/paredesfest.net\/en\/wp-json\/wp\/v2\/tags?post=1955"}],"curies":[{"name":"wp","href":"https:\/\/api.w.org\/{rel}","templated":true}]}}