{"id":22,"date":"2017-06-08T22:55:32","date_gmt":"2017-06-08T22:55:32","guid":{"rendered":"http:\/\/paredesfest.net\/?page_id=22"},"modified":"2018-06-08T14:49:41","modified_gmt":"2018-06-08T14:49:41","slug":"artistas","status":"publish","type":"page","link":"https:\/\/paredesfest.net\/en\/artists\/","title":{"rendered":"Artists"},"content":{"rendered":"<div class=\"entry-content\" itemprop=\"text\">\n\n<\/div>\n","protected":false},"excerpt":{"rendered":"<div class=\"entry-summary\" itemprop=\"text\">\n<p>&#8230;<\/p>\n\n<\/div>\n","protected":false},"author":1,"featured_media":0,"parent":0,"menu_order":12,"comment_status":"closed","ping_status":"closed","template":"page-artistas.php","meta":{"footnotes":""},"categories":[],"tags":[],"class_list":["post-22","page","type-page","status-publish","hentry","entry-lead"],"yoast_head":"<!-- This site is optimized with the Yoast SEO plugin v27.4 - https:\/\/yoast.com\/product\/yoast-seo-wordpress\/ -->\n<title>Artistas que participan en Parees, Festival de intervenci\u00f3n mural Oviedo<\/title>\n<meta name=\"description\" content=\"Hemos elegido a artistas que representan algunas tecnicas de intervenci\u00f3n mural: ilustraci\u00f3n, intervenci\u00f3n abstracta, graffiti o la mezcla de ellas.\" \/>\n<meta name=\"robots\" content=\"index, follow, max-snippet:-1, max-image-preview:large, max-video-preview:-1\" \/>\n<link rel=\"canonical\" href=\"https:\/\/paredesfest.net\/artistas\/\" \/>\n<meta property=\"og:locale\" content=\"en_US\" \/>\n<meta property=\"og:type\" content=\"article\" \/>\n<meta property=\"og:title\" content=\"Artistas que participan en Parees, Festival de intervenci\u00f3n mural Oviedo\" \/>\n<meta property=\"og:description\" content=\"Hemos elegido a artistas que representan algunas tecnicas de intervenci\u00f3n mural: ilustraci\u00f3n, intervenci\u00f3n abstracta, graffiti o la mezcla de ellas.\" \/>\n<meta property=\"og:url\" content=\"https:\/\/paredesfest.net\/artistas\/\" \/>\n<meta property=\"og:site_name\" content=\"Parees\" \/>\n<meta property=\"article:publisher\" content=\"https:\/\/www.facebook.com\/pareesfest\" \/>\n<meta property=\"article:modified_time\" content=\"2018-06-08T14:49:41+00:00\" \/>\n<meta name=\"twitter:card\" content=\"summary_large_image\" \/>\n<meta name=\"twitter:site\" content=\"@pareesfest\" \/>\n<script type=\"application\/ld+json\" class=\"yoast-schema-graph\">{\"@context\":\"https:\\\/\\\/schema.org\",\"@graph\":[{\"@type\":\"WebPage\",\"@id\":\"https:\\\/\\\/paredesfest.net\\\/artistas\\\/\",\"url\":\"https:\\\/\\\/paredesfest.net\\\/artistas\\\/\",\"name\":\"Artistas que participan en Parees, Festival de intervenci\u00f3n mural Oviedo\",\"isPartOf\":{\"@id\":\"https:\\\/\\\/paredesfest.net\\\/#website\"},\"datePublished\":\"2017-06-08T22:55:32+00:00\",\"dateModified\":\"2018-06-08T14:49:41+00:00\",\"description\":\"Hemos elegido a artistas que representan algunas tecnicas de intervenci\u00f3n mural: ilustraci\u00f3n, intervenci\u00f3n abstracta, graffiti o la mezcla de ellas.\",\"breadcrumb\":{\"@id\":\"https:\\\/\\\/paredesfest.net\\\/artistas\\\/#breadcrumb\"},\"inLanguage\":\"en-US\",\"potentialAction\":[{\"@type\":\"ReadAction\",\"target\":[\"https:\\\/\\\/paredesfest.net\\\/artistas\\\/\"]}]},{\"@type\":\"BreadcrumbList\",\"@id\":\"https:\\\/\\\/paredesfest.net\\\/artistas\\\/#breadcrumb\",\"itemListElement\":[{\"@type\":\"ListItem\",\"position\":1,\"name\":\"Portada\",\"item\":\"https:\\\/\\\/paredesfest.net\\\/\"},{\"@type\":\"ListItem\",\"position\":2,\"name\":\"Artistas\"}]},{\"@type\":\"WebSite\",\"@id\":\"https:\\\/\\\/paredesfest.net\\\/#website\",\"url\":\"https:\\\/\\\/paredesfest.net\\\/\",\"name\":\"Parees\",\"description\":\"Oviedo Contextual Mural Festival\",\"potentialAction\":[{\"@type\":\"SearchAction\",\"target\":{\"@type\":\"EntryPoint\",\"urlTemplate\":\"https:\\\/\\\/paredesfest.net\\\/?s={search_term_string}\"},\"query-input\":{\"@type\":\"PropertyValueSpecification\",\"valueRequired\":true,\"valueName\":\"search_term_string\"}}],\"inLanguage\":\"en-US\"}]}<\/script>\n<!-- \/ Yoast SEO plugin. -->","yoast_head_json":{"title":"Artistas que participan en Parees, Festival de intervenci\u00f3n mural Oviedo","description":"Hemos elegido a artistas que representan algunas tecnicas de intervenci\u00f3n mural: ilustraci\u00f3n, intervenci\u00f3n abstracta, graffiti o la mezcla de ellas.","robots":{"index":"index","follow":"follow","max-snippet":"max-snippet:-1","max-image-preview":"max-image-preview:large","max-video-preview":"max-video-preview:-1"},"canonical":"https:\/\/paredesfest.net\/artistas\/","og_locale":"en_US","og_type":"article","og_title":"Artistas que participan en Parees, Festival de intervenci\u00f3n mural Oviedo","og_description":"Hemos elegido a artistas que representan algunas tecnicas de intervenci\u00f3n mural: ilustraci\u00f3n, intervenci\u00f3n abstracta, graffiti o la mezcla de ellas.","og_url":"https:\/\/paredesfest.net\/artistas\/","og_site_name":"Parees","article_publisher":"https:\/\/www.facebook.com\/pareesfest","article_modified_time":"2018-06-08T14:49:41+00:00","twitter_card":"summary_large_image","twitter_site":"@pareesfest","schema":{"@context":"https:\/\/schema.org","@graph":[{"@type":"WebPage","@id":"https:\/\/paredesfest.net\/artistas\/","url":"https:\/\/paredesfest.net\/artistas\/","name":"Artistas que participan en Parees, Festival de intervenci\u00f3n mural Oviedo","isPartOf":{"@id":"https:\/\/paredesfest.net\/#website"},"datePublished":"2017-06-08T22:55:32+00:00","dateModified":"2018-06-08T14:49:41+00:00","description":"Hemos elegido a artistas que representan algunas tecnicas de intervenci\u00f3n mural: ilustraci\u00f3n, intervenci\u00f3n abstracta, graffiti o la mezcla de ellas.","breadcrumb":{"@id":"https:\/\/paredesfest.net\/artistas\/#breadcrumb"},"inLanguage":"en-US","potentialAction":[{"@type":"ReadAction","target":["https:\/\/paredesfest.net\/artistas\/"]}]},{"@type":"BreadcrumbList","@id":"https:\/\/paredesfest.net\/artistas\/#breadcrumb","itemListElement":[{"@type":"ListItem","position":1,"name":"Portada","item":"https:\/\/paredesfest.net\/"},{"@type":"ListItem","position":2,"name":"Artistas"}]},{"@type":"WebSite","@id":"https:\/\/paredesfest.net\/#website","url":"https:\/\/paredesfest.net\/","name":"Parees","description":"Oviedo Contextual Mural Festival","potentialAction":[{"@type":"SearchAction","target":{"@type":"EntryPoint","urlTemplate":"https:\/\/paredesfest.net\/?s={search_term_string}"},"query-input":{"@type":"PropertyValueSpecification","valueRequired":true,"valueName":"search_term_string"}}],"inLanguage":"en-US"}]}},"_links":{"self":[{"href":"https:\/\/paredesfest.net\/en\/wp-json\/wp\/v2\/pages\/22","targetHints":{"allow":["GET"]}}],"collection":[{"href":"https:\/\/paredesfest.net\/en\/wp-json\/wp\/v2\/pages"}],"about":[{"href":"https:\/\/paredesfest.net\/en\/wp-json\/wp\/v2\/types\/page"}],"author":[{"embeddable":true,"href":"https:\/\/paredesfest.net\/en\/wp-json\/wp\/v2\/users\/1"}],"replies":[{"embeddable":true,"href":"https:\/\/paredesfest.net\/en\/wp-json\/wp\/v2\/comments?post=22"}],"version-history":[{"count":3,"href":"https:\/\/paredesfest.net\/en\/wp-json\/wp\/v2\/pages\/22\/revisions"}],"predecessor-version":[{"id":1439,"href":"https:\/\/paredesfest.net\/en\/wp-json\/wp\/v2\/pages\/22\/revisions\/1439"}],"wp:attachment":[{"href":"https:\/\/paredesfest.net\/en\/wp-json\/wp\/v2\/media?parent=22"}],"wp:term":[{"taxonomy":"category","embeddable":true,"href":"https:\/\/paredesfest.net\/en\/wp-json\/wp\/v2\/categories?post=22"},{"taxonomy":"post_tag","embeddable":true,"href":"https:\/\/paredesfest.net\/en\/wp-json\/wp\/v2\/tags?post=22"}],"curies":[{"name":"wp","href":"https:\/\/api.w.org\/{rel}","templated":true}]}}