{"id":2396,"date":"2020-04-27T20:44:00","date_gmt":"2020-04-27T20:44:00","guid":{"rendered":"http:\/\/paredesfest.net\/?page_id=2396"},"modified":"2020-08-04T04:03:21","modified_gmt":"2020-08-04T04:03:21","slug":"tercera-edicion-2019","status":"publish","type":"page","link":"https:\/\/paredesfest.net\/en\/the-festival\/third-edition-2019\/","title":{"rendered":"Third edition 2019"},"content":{"rendered":"<div class=\"entry-content\" itemprop=\"text\">\n<p class=\"lead\"><img loading=\"lazy\" decoding=\"async\" class=\"thumbnail size-full wp-image-1136 alignleft\" src=\"http:\/\/paredesfest.net\/wp-content\/uploads\/2020\/04\/Parees_Festival_de_Intervencion_mural_de_Oviedo_2019_P%C3%A1gina_01-scaled.jpg\" alt=\"\" width=\"200\" height=\"141\" \/> You can download the catalogue of the third edition of Parees in PDF. With photos of all the interventions made, information about the artists, the creation processes of the works and a route proposal between them.<\/p>\n<a href=\"http:\/\/paredesfest.net\/catalogo\/Parees_Festival_de_Intervencion_mural_de_Oviedo_2019.pdf\" class=\"btn btn-success btn-lg\"><i class=\"fa fa- \" ><\/i> Catalogue for Parees 2019 (PDF 4Mb)<\/a><\/p>\n<p><iframe loading=\"lazy\" title=\"Parees Fest 2019\" width=\"640\" height=\"360\" src=\"https:\/\/www.youtube.com\/embed\/Nl7v5zbJHZY?feature=oembed\" frameborder=\"0\" allow=\"accelerometer; autoplay; clipboard-write; encrypted-media; gyroscope; picture-in-picture; web-share\" referrerpolicy=\"strict-origin-when-cross-origin\" allowfullscreen><\/iframe><\/p>\n<p><iframe loading=\"lazy\" src=\"https:\/\/umap.openstreetmap.fr\/es\/map\/parees-festival-de-intervencion-mural-de-oviedo-20_341448?scaleControl=false&amp;miniMap=false&amp;scrollWheelZoom=false&amp;zoomControl=true&amp;allowEdit=false&amp;moreControl=true&amp;searchControl=null&amp;tilelayersControl=null&amp;embedControl=null&amp;datalayersControl=true&amp;onLoadPanel=undefined&amp;captionBar=false\" width=\"100%\" height=\"450px\" frameborder=\"0\" allowfullscreen=\"allowfullscreen\"><\/iframe><br \/>\nThe map can locate the interventions of the first edition of the Parees (red icons), the 2018 edition (orange icons) and the third edition 2019 (blue icons).\n<\/div>\n","protected":false},"excerpt":{"rendered":"<div class=\"entry-summary\" itemprop=\"text\">\n<\/p>\n<p>\nThe map can locate the interventions of the first edition of the Parees (red icons), the 2018 edition (orange icons) and the third edition 2019 (blue icons).<\/p>\n<p> <a href=\"https:\/\/paredesfest.net\/en\/the-festival\/third-edition-2019\/\">&nbsp;&raquo;&nbsp;Read more about: Third edition 2019 &nbsp;&raquo;<\/a><\/p>\n\n<\/div>\n","protected":false},"author":1,"featured_media":0,"parent":2,"menu_order":2,"comment_status":"closed","ping_status":"closed","template":"","meta":{"footnotes":""},"categories":[],"tags":[],"class_list":["post-2396","page","type-page","status-publish","hentry","entry-lead"],"yoast_head":"<!-- This site is optimized with the Yoast SEO plugin v27.4 - https:\/\/yoast.com\/product\/yoast-seo-wordpress\/ -->\n<title>Third edition 2019 - Parees<\/title>\n<meta name=\"description\" content=\"Resumen de lo que fu\u00e9 la tercera edici\u00f3n del Parees, Festival de intervenci\u00f3n mural de oviedo. PareesFest 2019\" \/>\n<meta name=\"robots\" content=\"index, follow, max-snippet:-1, max-image-preview:large, max-video-preview:-1\" \/>\n<link rel=\"canonical\" href=\"https:\/\/paredesfest.net\/parees-festival-intervencion-mural-oviedo\/tercera-edicion-2019\/\" \/>\n<meta property=\"og:locale\" content=\"en_US\" \/>\n<meta property=\"og:type\" content=\"article\" \/>\n<meta property=\"og:title\" content=\"Third edition 2019 - Parees\" \/>\n<meta property=\"og:description\" content=\"Resumen de lo que fu\u00e9 la tercera edici\u00f3n del Parees, Festival de intervenci\u00f3n mural de oviedo. PareesFest 2019\" \/>\n<meta property=\"og:url\" content=\"https:\/\/paredesfest.net\/parees-festival-intervencion-mural-oviedo\/tercera-edicion-2019\/\" \/>\n<meta property=\"og:site_name\" content=\"Parees\" \/>\n<meta property=\"article:publisher\" content=\"https:\/\/www.facebook.com\/pareesfest\" \/>\n<meta property=\"article:modified_time\" content=\"2020-08-04T04:03:21+00:00\" \/>\n<meta property=\"og:image\" content=\"http:\/\/paredesfest.net\/wp-content\/uploads\/2020\/04\/Parees_Festival_de_Intervencion_mural_de_Oviedo_2019_P%C3%A1gina_01-scaled.jpg\" \/>\n<meta name=\"twitter:card\" content=\"summary_large_image\" \/>\n<meta name=\"twitter:site\" content=\"@pareesfest\" \/>\n<meta name=\"twitter:label1\" content=\"Est. reading time\" \/>\n\t<meta name=\"twitter:data1\" content=\"1 minute\" \/>\n<script type=\"application\/ld+json\" class=\"yoast-schema-graph\">{\"@context\":\"https:\\\/\\\/schema.org\",\"@graph\":[{\"@type\":\"WebPage\",\"@id\":\"https:\\\/\\\/paredesfest.net\\\/parees-festival-intervencion-mural-oviedo\\\/tercera-edicion-2019\\\/\",\"url\":\"https:\\\/\\\/paredesfest.net\\\/parees-festival-intervencion-mural-oviedo\\\/tercera-edicion-2019\\\/\",\"name\":\"Third edition 2019 - Parees\",\"isPartOf\":{\"@id\":\"https:\\\/\\\/paredesfest.net\\\/#website\"},\"primaryImageOfPage\":{\"@id\":\"https:\\\/\\\/paredesfest.net\\\/parees-festival-intervencion-mural-oviedo\\\/tercera-edicion-2019\\\/#primaryimage\"},\"image\":{\"@id\":\"https:\\\/\\\/paredesfest.net\\\/parees-festival-intervencion-mural-oviedo\\\/tercera-edicion-2019\\\/#primaryimage\"},\"thumbnailUrl\":\"http:\\\/\\\/paredesfest.net\\\/wp-content\\\/uploads\\\/2020\\\/04\\\/Parees_Festival_de_Intervencion_mural_de_Oviedo_2019_P%C3%A1gina_01-scaled.jpg\",\"datePublished\":\"2020-04-27T20:44:00+00:00\",\"dateModified\":\"2020-08-04T04:03:21+00:00\",\"description\":\"Resumen de lo que fu\u00e9 la tercera edici\u00f3n del Parees, Festival de intervenci\u00f3n mural de oviedo. PareesFest 2019\",\"breadcrumb\":{\"@id\":\"https:\\\/\\\/paredesfest.net\\\/parees-festival-intervencion-mural-oviedo\\\/tercera-edicion-2019\\\/#breadcrumb\"},\"inLanguage\":\"en-US\",\"potentialAction\":[{\"@type\":\"ReadAction\",\"target\":[\"https:\\\/\\\/paredesfest.net\\\/parees-festival-intervencion-mural-oviedo\\\/tercera-edicion-2019\\\/\"]}]},{\"@type\":\"ImageObject\",\"inLanguage\":\"en-US\",\"@id\":\"https:\\\/\\\/paredesfest.net\\\/parees-festival-intervencion-mural-oviedo\\\/tercera-edicion-2019\\\/#primaryimage\",\"url\":\"http:\\\/\\\/paredesfest.net\\\/wp-content\\\/uploads\\\/2020\\\/04\\\/Parees_Festival_de_Intervencion_mural_de_Oviedo_2019_P%C3%A1gina_01-scaled.jpg\",\"contentUrl\":\"http:\\\/\\\/paredesfest.net\\\/wp-content\\\/uploads\\\/2020\\\/04\\\/Parees_Festival_de_Intervencion_mural_de_Oviedo_2019_P%C3%A1gina_01-scaled.jpg\"},{\"@type\":\"BreadcrumbList\",\"@id\":\"https:\\\/\\\/paredesfest.net\\\/parees-festival-intervencion-mural-oviedo\\\/tercera-edicion-2019\\\/#breadcrumb\",\"itemListElement\":[{\"@type\":\"ListItem\",\"position\":1,\"name\":\"Portada\",\"item\":\"https:\\\/\\\/paredesfest.net\\\/\"},{\"@type\":\"ListItem\",\"position\":2,\"name\":\"El festival\",\"item\":\"https:\\\/\\\/paredesfest.net\\\/parees-festival-intervencion-mural-oviedo\\\/\"},{\"@type\":\"ListItem\",\"position\":3,\"name\":\"Tercera edici\u00f3n 2019\"}]},{\"@type\":\"WebSite\",\"@id\":\"https:\\\/\\\/paredesfest.net\\\/#website\",\"url\":\"https:\\\/\\\/paredesfest.net\\\/\",\"name\":\"Parees\",\"description\":\"Oviedo Contextual Mural Festival\",\"potentialAction\":[{\"@type\":\"SearchAction\",\"target\":{\"@type\":\"EntryPoint\",\"urlTemplate\":\"https:\\\/\\\/paredesfest.net\\\/?s={search_term_string}\"},\"query-input\":{\"@type\":\"PropertyValueSpecification\",\"valueRequired\":true,\"valueName\":\"search_term_string\"}}],\"inLanguage\":\"en-US\"}]}<\/script>\n<!-- \/ Yoast SEO plugin. -->","yoast_head_json":{"title":"Third edition 2019 - Parees","description":"Resumen de lo que fu\u00e9 la tercera edici\u00f3n del Parees, Festival de intervenci\u00f3n mural de oviedo. PareesFest 2019","robots":{"index":"index","follow":"follow","max-snippet":"max-snippet:-1","max-image-preview":"max-image-preview:large","max-video-preview":"max-video-preview:-1"},"canonical":"https:\/\/paredesfest.net\/parees-festival-intervencion-mural-oviedo\/tercera-edicion-2019\/","og_locale":"en_US","og_type":"article","og_title":"Third edition 2019 - Parees","og_description":"Resumen de lo que fu\u00e9 la tercera edici\u00f3n del Parees, Festival de intervenci\u00f3n mural de oviedo. PareesFest 2019","og_url":"https:\/\/paredesfest.net\/parees-festival-intervencion-mural-oviedo\/tercera-edicion-2019\/","og_site_name":"Parees","article_publisher":"https:\/\/www.facebook.com\/pareesfest","article_modified_time":"2020-08-04T04:03:21+00:00","og_image":[{"url":"http:\/\/paredesfest.net\/wp-content\/uploads\/2020\/04\/Parees_Festival_de_Intervencion_mural_de_Oviedo_2019_P%C3%A1gina_01-scaled.jpg","type":"","width":"","height":""}],"twitter_card":"summary_large_image","twitter_site":"@pareesfest","twitter_misc":{"Est. reading time":"1 minute"},"schema":{"@context":"https:\/\/schema.org","@graph":[{"@type":"WebPage","@id":"https:\/\/paredesfest.net\/parees-festival-intervencion-mural-oviedo\/tercera-edicion-2019\/","url":"https:\/\/paredesfest.net\/parees-festival-intervencion-mural-oviedo\/tercera-edicion-2019\/","name":"Third edition 2019 - Parees","isPartOf":{"@id":"https:\/\/paredesfest.net\/#website"},"primaryImageOfPage":{"@id":"https:\/\/paredesfest.net\/parees-festival-intervencion-mural-oviedo\/tercera-edicion-2019\/#primaryimage"},"image":{"@id":"https:\/\/paredesfest.net\/parees-festival-intervencion-mural-oviedo\/tercera-edicion-2019\/#primaryimage"},"thumbnailUrl":"http:\/\/paredesfest.net\/wp-content\/uploads\/2020\/04\/Parees_Festival_de_Intervencion_mural_de_Oviedo_2019_P%C3%A1gina_01-scaled.jpg","datePublished":"2020-04-27T20:44:00+00:00","dateModified":"2020-08-04T04:03:21+00:00","description":"Resumen de lo que fu\u00e9 la tercera edici\u00f3n del Parees, Festival de intervenci\u00f3n mural de oviedo. PareesFest 2019","breadcrumb":{"@id":"https:\/\/paredesfest.net\/parees-festival-intervencion-mural-oviedo\/tercera-edicion-2019\/#breadcrumb"},"inLanguage":"en-US","potentialAction":[{"@type":"ReadAction","target":["https:\/\/paredesfest.net\/parees-festival-intervencion-mural-oviedo\/tercera-edicion-2019\/"]}]},{"@type":"ImageObject","inLanguage":"en-US","@id":"https:\/\/paredesfest.net\/parees-festival-intervencion-mural-oviedo\/tercera-edicion-2019\/#primaryimage","url":"http:\/\/paredesfest.net\/wp-content\/uploads\/2020\/04\/Parees_Festival_de_Intervencion_mural_de_Oviedo_2019_P%C3%A1gina_01-scaled.jpg","contentUrl":"http:\/\/paredesfest.net\/wp-content\/uploads\/2020\/04\/Parees_Festival_de_Intervencion_mural_de_Oviedo_2019_P%C3%A1gina_01-scaled.jpg"},{"@type":"BreadcrumbList","@id":"https:\/\/paredesfest.net\/parees-festival-intervencion-mural-oviedo\/tercera-edicion-2019\/#breadcrumb","itemListElement":[{"@type":"ListItem","position":1,"name":"Portada","item":"https:\/\/paredesfest.net\/"},{"@type":"ListItem","position":2,"name":"El festival","item":"https:\/\/paredesfest.net\/parees-festival-intervencion-mural-oviedo\/"},{"@type":"ListItem","position":3,"name":"Tercera edici\u00f3n 2019"}]},{"@type":"WebSite","@id":"https:\/\/paredesfest.net\/#website","url":"https:\/\/paredesfest.net\/","name":"Parees","description":"Oviedo Contextual Mural Festival","potentialAction":[{"@type":"SearchAction","target":{"@type":"EntryPoint","urlTemplate":"https:\/\/paredesfest.net\/?s={search_term_string}"},"query-input":{"@type":"PropertyValueSpecification","valueRequired":true,"valueName":"search_term_string"}}],"inLanguage":"en-US"}]}},"_links":{"self":[{"href":"https:\/\/paredesfest.net\/en\/wp-json\/wp\/v2\/pages\/2396","targetHints":{"allow":["GET"]}}],"collection":[{"href":"https:\/\/paredesfest.net\/en\/wp-json\/wp\/v2\/pages"}],"about":[{"href":"https:\/\/paredesfest.net\/en\/wp-json\/wp\/v2\/types\/page"}],"author":[{"embeddable":true,"href":"https:\/\/paredesfest.net\/en\/wp-json\/wp\/v2\/users\/1"}],"replies":[{"embeddable":true,"href":"https:\/\/paredesfest.net\/en\/wp-json\/wp\/v2\/comments?post=2396"}],"version-history":[{"count":7,"href":"https:\/\/paredesfest.net\/en\/wp-json\/wp\/v2\/pages\/2396\/revisions"}],"predecessor-version":[{"id":2483,"href":"https:\/\/paredesfest.net\/en\/wp-json\/wp\/v2\/pages\/2396\/revisions\/2483"}],"up":[{"embeddable":true,"href":"https:\/\/paredesfest.net\/en\/wp-json\/wp\/v2\/pages\/2"}],"wp:attachment":[{"href":"https:\/\/paredesfest.net\/en\/wp-json\/wp\/v2\/media?parent=2396"}],"wp:term":[{"taxonomy":"category","embeddable":true,"href":"https:\/\/paredesfest.net\/en\/wp-json\/wp\/v2\/categories?post=2396"},{"taxonomy":"post_tag","embeddable":true,"href":"https:\/\/paredesfest.net\/en\/wp-json\/wp\/v2\/tags?post=2396"}],"curies":[{"name":"wp","href":"https:\/\/api.w.org\/{rel}","templated":true}]}}