{"id":2937,"date":"2022-09-03T20:45:33","date_gmt":"2022-09-03T20:45:33","guid":{"rendered":"https:\/\/paredesfest.net\/?page_id=2937"},"modified":"2023-10-24T15:36:24","modified_gmt":"2023-10-24T15:36:24","slug":"aviso-legal","status":"publish","type":"page","link":"https:\/\/paredesfest.net\/en\/aviso-legal\/","title":{"rendered":"Aviso Legal"},"content":{"rendered":"<div class=\"entry-content\" itemprop=\"text\">\n<h3 class=\"wp-block-heading\">DATOS IDENTIFICATIVOS DEL TITULAR DEL SITIO WEB<\/h3>\n\n\n\n<p>En cumplimiento del deber de informaci\u00f3n estipulado en el art\u00edculo 10 de la Ley 34\/2002 de 11 de julio de Servicios de la Sociedad de la Informaci\u00f3n y de Comercio Electr\u00f3nico,&nbsp;<strong><em>PareesFest<\/em><\/strong>, con DNI 43438454X, inscrito en el&nbsp;<a href=\"https:\/\/www2.agenciatributaria.gob.es\/viescoes.html\" target=\"_blank\" rel=\"noreferrer noopener\">registro de operadores intracomunitarios<\/a>&nbsp;con NIF-IVA ES43438454X, en adelante&nbsp;<strong>PareesFest<\/strong>, en calidad de titular del sitio web&nbsp;<strong>paredesfest.net<\/strong>, con domicilio en Pilo\u00f1a, c\u00f3digo postal 33535 a Pilo\u00f1a, Asturias, direcci\u00f3n de correo electr\u00f3nico&nbsp;<a href=\"mailto:&#x68;&#x6f;&#x6c;&#x61;&#x40;&#x70;&#x61;&#x72;&#x65;&#x64;&#x65;&#x73;&#x66;&#x65;&#x73;&#x74;&#x2e;&#x6e;&#x65;&#x74;\"><span class=\"oe_textdirection\">&#x74;&#x65;&#x6e;&#x2e;&#x74;&#x73;&#x65;&#x66;&#x73;&#x65;&#x64;&#x65;&#x72;&#x61;&#x70;<span class=\"oe_displaynone\">null<\/span>&#x40;&#x61;&#x6c;&#x6f;&#x68;<\/span><\/a>, procede a comunicarles la presente informaci\u00f3n que conforma y regula las condiciones de uso en esta p\u00e1gina, las limitaciones de responsabilidad y las obligaciones que, los usuarios del sitio web que se publica bajo el nombre de dominio&nbsp;paredesfest.net, asumen y se comprometen a respetar.<\/p>\n\n\n\n<h3 class=\"wp-block-heading\">CONDICIONES DE USO<\/h3>\n\n\n\n<p>La utilizaci\u00f3n de&nbsp;<strong>paredesfest.net<\/strong>&nbsp;otorga la condici\u00f3n de&nbsp;<strong>Usuario<\/strong>&nbsp;de&nbsp;<strong>paredesfest.net<\/strong>, bien sea persona f\u00edsica o jur\u00eddica y obligatoriamente implica la aceptaci\u00f3n completa, plena y sin reservas de todas y cada una de las cl\u00e1usulas y condiciones generales incluidas en el Aviso Legal. Si el&nbsp;<strong>Usuario<\/strong>&nbsp;no estuviera conforme con las cl\u00e1usulas y condiciones de uso de este Aviso Legal, se abstendr\u00e1 de utilizar&nbsp;paredesfest.net. Este Aviso Legal est\u00e1 sujeto a cambios y actualizaciones por lo que la versi\u00f3n publicada por&nbsp;<strong>Pareesfest<\/strong>&nbsp;puede ser diferente en cada momento en que el&nbsp;<strong>Usuario<\/strong>&nbsp;acceda al Portal. Por tanto, el&nbsp;<strong>Usuario<\/strong>&nbsp;debe leer el Aviso Legal en todas y cada una de las ocasiones en que acceda a&nbsp;<strong>paredesfest.net<\/strong>.<\/p>\n\n\n\n<p>A trav\u00e9s de&nbsp;<strong>paredesfest.net<\/strong>,&nbsp;<strong>PareesFest <\/strong>facilita al&nbsp;<strong>Usuario<\/strong>&nbsp;el acceso y la utilizaci\u00f3n de diversos Contenidos publicados por medio de Internet por&nbsp;<strong>PareesFest<\/strong>&nbsp;o por terceros autorizados.<\/p>\n\n\n\n<p>El&nbsp;<strong>Usuario<\/strong>&nbsp;est\u00e1 obligado y se compromete a utilizar&nbsp;<strong>paredesfest.net<\/strong>&nbsp;y los Contenidos de conformidad con la legislaci\u00f3n vigente, el Aviso Legal, y cualquier otro aviso o instrucciones puestos en su conocimiento, bien sea por medio de este aviso legal o en cualquier otro lugar dentro de los Contenidos que conforman&nbsp;<strong>paredesfest.net<\/strong>, como son las normas de convivencia, la moral y buenas costumbres generalmente aceptadas. A tal efecto, el&nbsp;<strong>Usuario<\/strong>&nbsp;se obliga y compromete a NO utilizar cualquiera de los Contenidos con fines o efectos il\u00edcitos, prohibidos en el Aviso Legal o por la legislaci\u00f3n vigente, lesivos de los derechos e intereses de terceros, o que de cualquier forma puedan da\u00f1ar, inutilizar, sobrecargar, deteriorar o impedir la normal utilizaci\u00f3n de los Contenidos, los equipos inform\u00e1ticos o los documentos, archivos y toda clase de contenidos almacenados en cualquier equipo inform\u00e1tico propios o contratados por <strong>paredesfest<\/strong>, de otro&nbsp;<strong>USUARIO<\/strong>&nbsp;o de cualquier usuario de Internet (hardware y software).<\/p>\n\n\n\n<p>El&nbsp;<strong>Usuario<\/strong>&nbsp;se obliga y se compromete a no transmitir, difundir o poner a disposici\u00f3n de terceros cualquier clase de material contenido en&nbsp;<strong><strong>paredesfest.net<\/strong><\/strong>, tales como informaciones, textos, datos, contenidos, mensajes, gr\u00e1ficos, dibujos, archivos de sonido y\/o imagen, fotograf\u00edas, grabaciones, software, logotipos, marcas, iconos, tecnolog\u00eda, fotograf\u00edas, software, enlaces, dise\u00f1o gr\u00e1fico y c\u00f3digos fuente, o cualquier otro material al que tuviera acceso en su condici\u00f3n de&nbsp;<strong>Usuario<\/strong>&nbsp;de&nbsp;<strong><strong>paredesfest.net<\/strong><\/strong>, sin que esta enumeraci\u00f3n tenga car\u00e1cter limitativo. Asimismo, de conformidad con todo ello, el&nbsp;<strong>Usuario<\/strong>&nbsp;no podr\u00e1:<\/p>\n\n\n\n<ul class=\"wp-block-list\">\n<li>Reproducir, copiar, distribuir, poner a disposici\u00f3n o de cualquier otra forma comunicar p\u00fablicamente, transformar o modificar los Contenidos, a menos que se cuente con la autorizaci\u00f3n escrita y expl\u00edcita de&nbsp;<strong><strong>paredesfest.net<\/strong><\/strong>, que es titular de los correspondientes derechos, o bien que ello resulte legalmente permitido.<\/li>\n\n\n\n<li>Suprimir, manipular o de cualquier forma alterar el \u201ccopyright\u201d y dem\u00e1s datos identificativos de la reserva de derechos de&nbsp;<strong><strong>paredesfest.net<\/strong><\/strong>&nbsp;o de sus titulares, de las huellas y\/o identificadores digitales, marcas de agua, o de cualesquiera otros medios t\u00e9cnicos establecidos para su reconocimiento.<\/li>\n<\/ul>\n\n\n\n<p>El&nbsp;<strong>Usuario<\/strong>&nbsp;deber\u00e1 abstenerse de obtener e incluso de intentar obtener los Contenidos empleando para ello medios o procedimientos distintos de los que, seg\u00fan los casos, se hayan puesto a su disposici\u00f3n a este efecto o se hayan indicado a este efecto en las p\u00e1ginas web donde se encuentren los Contenidos o, en general, de los que se empleen habitualmente en Internet a este efecto siempre que no entra\u00f1en un riesgo de da\u00f1o o inutilizaci\u00f3n de&nbsp;<strong><strong>paredesfest.net<\/strong><\/strong>, y\/o de los Contenidos.<\/p>\n\n\n\n<h3 class=\"wp-block-heading\">PROPIEDAD INTELECTUAL<\/h3>\n\n\n\n<p>Todas las marcas, nombres comerciales o signos distintivos de cualquier clase que aparecen en&nbsp;<strong><strong>paredesfest.net<\/strong><\/strong>&nbsp;son propiedad de&nbsp;<strong>paredesfest<\/strong>&nbsp;o, en su caso, de sus respectivos propietarios, sin que pueda entenderse que el uso o acceso al Portal y\/o a los Contenidos atribuya al&nbsp;<strong>Usuario<\/strong>&nbsp;derecho alguno sobre las citadas marcas, nombres comerciales y\/o signos distintivos y sin que puedan entenderse cedidos al&nbsp;<strong>Usuario<\/strong>, ninguno de los derechos de explotaci\u00f3n que existen o puedan existir sobre dichos Contenidos. De igual modo los Contenidos son propiedad intelectual de&nbsp;<strong><strong>paredesfest<\/strong><\/strong>, o de terceros en su caso, por tanto, los derechos de Propiedad Intelectual son titularidad de&nbsp;<strong><strong>paredesfest<\/strong><\/strong>&nbsp;o de terceros que han autorizado su uso, a quienes corresponde el ejercicio exclusivo de los derechos de explotaci\u00f3n de los mismos en cualquier forma y, en especial, los derechos de reproducci\u00f3n, distribuci\u00f3n, comunicaci\u00f3n p\u00fablica y transformaci\u00f3n. La utilizaci\u00f3n no autorizada de la informaci\u00f3n contenida en esta Web, as\u00ed como la lesi\u00f3n de los derechos de Propiedad Intelectual o Industrial de&nbsp;<strong><strong>paredesfest<\/strong><\/strong>&nbsp;o de terceros incluidos en&nbsp;<strong><strong>paredesfest.net<\/strong><\/strong>&nbsp;que hayan cedido contenidos dar\u00e1 lugar a las responsabilidades legalmente establecidas.<\/p>\n\n\n\n<h3 class=\"wp-block-heading\">DISPONIBILIDAD DE PAREDESFEST.NET<\/h3>\n\n\n\n<p><strong><strong>Paredesfest<\/strong><\/strong>&nbsp;no garantiza la inexistencia de interrupciones o errores en el acceso a&nbsp;<strong><strong>paredesfest.net<\/strong><\/strong>, a sus contenidos, ni que \u00e9ste se encuentren actualizados, aunque desarrollar\u00e1 sus mejores esfuerzos para, en su caso, evitarlos, subsanarlos o actualizarlos. Por consiguiente,&nbsp;<strong>paredesfest<\/strong>&nbsp;no se responsabiliza de los da\u00f1os o perjuicios de cualquier tipo producidos en el&nbsp;<strong>Usuario<\/strong>&nbsp;que traigan causa de fallos o desconexiones en las redes de telecomunicaciones que produzcan la suspensi\u00f3n, cancelaci\u00f3n o interrupci\u00f3n del servicio del portal durante la prestaci\u00f3n del mismo o con car\u00e1cter previo.<\/p>\n\n\n\n<p><strong>Paredesfest<\/strong> excluye, con las excepciones contempladas en la legislaci\u00f3n vigente, cualquier responsabilidad por los da\u00f1os y perjuicios de toda naturaleza que puedan deberse a la falta de disponibilidad, continuidad o calidad del funcionamiento de&nbsp;<strong><strong>paredesfest.net<\/strong><\/strong>&nbsp;y de los Contenidos, al no cumplimiento de la expectativa de utilidad que el&nbsp;<strong>USUARIO<\/strong>&nbsp;hubiera podido atribuir a&nbsp;<strong><strong>paredesfest.net<\/strong><\/strong>&nbsp;y a los Contenidos.<\/p>\n\n\n\n<p>La funci\u00f3n de los Hiperenlaces que aparecen en esta Web es exclusivamente la de informar al&nbsp;<strong>Usuario<\/strong>&nbsp;acerca de la existencia de otras Web que contienen informaci\u00f3n sobre la materia. Dichos Hiperenlaces no constituyen sugerencia ni recomendaci\u00f3n alguna.<\/p>\n\n\n\n<p><strong>Paredesfest<\/strong> no se hace responsable de los contenidos de dichas p\u00e1ginas enlazadas, del funcionamiento o utilidad de los Hiperenlaces ni del resultado de dichos enlaces, ni garantiza la ausencia de virus u otros elementos en los mismos que puedan producir alteraciones en el sistema inform\u00e1tico (hardware y software), los documentos o los ficheros del&nbsp;<strong>Usuario<\/strong>, excluyendo cualquier responsabilidad por los da\u00f1os de cualquier clase causados al&nbsp;<strong>Usuario<\/strong>&nbsp;por este motivo.<\/p>\n\n\n\n<p>El acceso a&nbsp;<strong>paredesfest.net<\/strong>&nbsp;no implica la obligaci\u00f3n por parte de&nbsp;<strong>paredesfest<\/strong>de controlar la ausencia de virus, gusanos o cualquier otro elemento inform\u00e1tico da\u00f1ino. Corresponde al&nbsp;<strong>Usuario<\/strong>, en todo caso, la disponibilidad de herramientas adecuadas para la detecci\u00f3n y desinfecci\u00f3n de programas inform\u00e1ticos da\u00f1inos, por lo tanto,&nbsp;<strong>paredesfest<\/strong> no se hace responsable de los posibles errores de seguridad que se puedan producir durante la prestaci\u00f3n del servicio de&nbsp;<strong>paredesfest.net<\/strong>, ni de los posibles da\u00f1os que puedan causarse al sistema inform\u00e1tico del&nbsp;<strong>Usuario<\/strong>&nbsp;o de terceros (hardware y software), los ficheros o documentos almacenados en el mismo, como consecuencia de la presencia de virus en el ordenador del&nbsp;<strong>Usuario<\/strong>&nbsp;utilizado para la conexi\u00f3n a los servicios y contenidos de la Web, de un mal funcionamiento del navegador o del uso de versiones no actualizadas del mismo.<\/p>\n\n\n\n<p>La prestaci\u00f3n del servicio de&nbsp;<strong><strong>paredesfest.net<\/strong><\/strong>&nbsp;y de los Contenidos tiene, en principio, duraci\u00f3n indefinida.&nbsp;<strong><strong>Paredesfest.net<\/strong><\/strong>, no obstante, queda autorizado para dar por terminada o suspender la prestaci\u00f3n del servicio de&nbsp;<strong><strong>paredesfest.net<\/strong><\/strong>&nbsp;y\/o de cualquiera de los Contenidos en cualquier momento. Cuando ello sea razonablemente posible,&nbsp;<strong><strong>paredesfest.net<\/strong><\/strong>&nbsp;advertir\u00e1 previamente la terminaci\u00f3n o suspensi\u00f3n de&nbsp;<strong>paredesfest.net<\/strong>.<\/p>\n\n\n\n<h3 class=\"wp-block-heading\">CALIDAD DE Paredesfest.net<\/h3>\n\n\n\n<p>Dado el entorno din\u00e1mico y cambiante de la informaci\u00f3n y servicios que se suministran por medio de&nbsp;<strong>paredesfest.net<\/strong>,&nbsp;<strong>Parees<\/strong>&nbsp;realiza su mejor esfuerzo, pero no garantiza la completa veracidad, exactitud, fiabilidad, utilidad y\/o actualidad de los Contenidos. La informaci\u00f3n contenida en las p\u00e1ginas que componen este Portal s\u00f3lo tiene car\u00e1cter informativo, consultivo, divulgativo y publicitario. En ning\u00fan caso ofrecen ni tienen car\u00e1cter de compromiso vinculante o contractual.<\/p>\n\n\n\n<h3 class=\"wp-block-heading\">LIMITACI\u00d3N DE RESPONSABILIDAD<\/h3>\n\n\n\n<p><strong>Parees<\/strong>&nbsp;excluye toda responsabilidad por las decisiones que el&nbsp;<strong>Usuario<\/strong>&nbsp;pueda tomar basado en esta informaci\u00f3n, as\u00ed como por los posibles errores tipogr\u00e1ficos que puedan contener los documentos y gr\u00e1ficos de&nbsp;<strong>paredesfest.net<\/strong>. La informaci\u00f3n est\u00e1 sometida a posibles cambios peri\u00f3dicos sin previo aviso de su contenido por ampliaci\u00f3n, mejora, correcci\u00f3n o actualizaci\u00f3n de los Contenidos.<\/p>\n\n\n\n<h3 class=\"wp-block-heading\">NOTIFICACIONES<\/h3>\n\n\n\n<p>Todas las notificaciones y comunicaciones por parte de&nbsp;Parees&nbsp;al&nbsp;<strong>Usuario<\/strong>&nbsp;realizados por cualquier medio se considerar\u00e1n eficaces a todos los efectos.<\/p>\n\n\n\n<h3 class=\"wp-block-heading\">JURISDICCI\u00d3N<\/h3>\n\n\n\n<p>Para cuantas cuestiones se susciten sobre la interpretaci\u00f3n, aplicaci\u00f3n y cumplimiento de este Aviso Legal, as\u00ed como de las reclamaciones que puedan derivarse de su uso, todos las partes intervinientes se someten a los Jueces y Tribunales de la provincia de Asturias, renunciando de forma expresa a cualquier otro fuero que pudiera corresponderles.<\/p>\n\n\n\n<h3 class=\"wp-block-heading\">LEGISLACI\u00d3N APLICABLE<\/h3>\n\n\n\n<p>El presente Aviso Legal se rige por la normativa espa\u00f1ola vigente.<\/p>\n<\/div>\n","protected":false},"excerpt":{"rendered":"<div class=\"entry-summary\" itemprop=\"text\">\n<p>DATOS IDENTIFICATIVOS DEL TITULAR DEL SITIO WEB<\/p>\n<p>En cumplimiento del deber de informaci\u00f3n estipulado en el art\u00edculo 10 de la Ley 34\/2002 de 11 de julio de Servicios de la Sociedad de la Informaci\u00f3n y de Comercio Electr\u00f3nico,&nbsp;<em>PareesFest<\/em>, con DNI 43438454X, inscrito en el&nbsp;<a href=\"https:\/\/www2.agenciatributaria.gob.es\/viescoes.html\" target=\"_blank\" rel=\"noreferrer noopener\">registro de operadores intracomunitarios<\/a>&nbsp;con NIF-IVA ES43438454X, en adelante&nbsp;PareesFest, en calidad de titular del sitio web&nbsp;paredesfest.net, con domicilio en Pilo\u00f1a, c\u00f3digo postal 33535 a Pilo\u00f1a, <a href=\"https:\/\/paredesfest.net\/en\/aviso-legal\/\">&nbsp;&raquo;&nbsp;Read more about: Aviso Legal &nbsp;&raquo;<\/a><\/p>\n\n<\/div>\n","protected":false},"author":1,"featured_media":0,"parent":0,"menu_order":0,"comment_status":"closed","ping_status":"closed","template":"","meta":{"footnotes":""},"categories":[],"tags":[],"class_list":["post-2937","page","type-page","status-publish","hentry","entry-lead"],"yoast_head":"<!-- This site is optimized with the Yoast SEO plugin v27.4 - https:\/\/yoast.com\/product\/yoast-seo-wordpress\/ -->\n<title>Aviso Legal - Parees<\/title>\n<meta name=\"robots\" content=\"noindex, follow\" \/>\n<meta property=\"og:locale\" content=\"en_US\" \/>\n<meta property=\"og:type\" content=\"article\" \/>\n<meta property=\"og:title\" content=\"Aviso Legal - Parees\" \/>\n<meta property=\"og:description\" content=\"DATOS IDENTIFICATIVOS DEL TITULAR DEL SITIO WEB  En cumplimiento del deber de informaci\u00f3n estipulado en el art\u00edculo 10 de la Ley 34\/2002 de 11 de julio de Servicios de la Sociedad de la Informaci\u00f3n y de Comercio Electr\u00f3nico,&nbsp;PareesFest, con DNI 43438454X, inscrito en el&nbsp;registro de operadores intracomunitarios&nbsp;con NIF-IVA ES43438454X, en adelante&nbsp;PareesFest, en calidad de titular del sitio web&nbsp;paredesfest.net, con domicilio en Pilo\u00f1a, c\u00f3digo postal 33535 a Pilo\u00f1a, &nbsp;&raquo;&nbsp;Read more about: Aviso Legal &nbsp;&raquo;\" \/>\n<meta property=\"og:url\" content=\"https:\/\/paredesfest.net\/aviso-legal\/\" \/>\n<meta property=\"og:site_name\" content=\"Parees\" \/>\n<meta property=\"article:publisher\" content=\"https:\/\/www.facebook.com\/pareesfest\" \/>\n<meta property=\"article:modified_time\" content=\"2023-10-24T15:36:24+00:00\" \/>\n<meta name=\"twitter:card\" content=\"summary_large_image\" \/>\n<meta name=\"twitter:site\" content=\"@pareesfest\" \/>\n<meta name=\"twitter:label1\" content=\"Est. reading time\" \/>\n\t<meta name=\"twitter:data1\" content=\"8 minutes\" \/>\n<script type=\"application\/ld+json\" class=\"yoast-schema-graph\">{\"@context\":\"https:\\\/\\\/schema.org\",\"@graph\":[{\"@type\":\"WebPage\",\"@id\":\"https:\\\/\\\/paredesfest.net\\\/aviso-legal\\\/\",\"url\":\"https:\\\/\\\/paredesfest.net\\\/aviso-legal\\\/\",\"name\":\"Aviso Legal - Parees\",\"isPartOf\":{\"@id\":\"https:\\\/\\\/paredesfest.net\\\/#website\"},\"datePublished\":\"2022-09-03T20:45:33+00:00\",\"dateModified\":\"2023-10-24T15:36:24+00:00\",\"breadcrumb\":{\"@id\":\"https:\\\/\\\/paredesfest.net\\\/aviso-legal\\\/#breadcrumb\"},\"inLanguage\":\"en-US\",\"potentialAction\":[{\"@type\":\"ReadAction\",\"target\":[\"https:\\\/\\\/paredesfest.net\\\/aviso-legal\\\/\"]}]},{\"@type\":\"BreadcrumbList\",\"@id\":\"https:\\\/\\\/paredesfest.net\\\/aviso-legal\\\/#breadcrumb\",\"itemListElement\":[{\"@type\":\"ListItem\",\"position\":1,\"name\":\"Portada\",\"item\":\"https:\\\/\\\/paredesfest.net\\\/\"},{\"@type\":\"ListItem\",\"position\":2,\"name\":\"Aviso Legal\"}]},{\"@type\":\"WebSite\",\"@id\":\"https:\\\/\\\/paredesfest.net\\\/#website\",\"url\":\"https:\\\/\\\/paredesfest.net\\\/\",\"name\":\"Parees\",\"description\":\"Oviedo Contextual Mural Festival\",\"potentialAction\":[{\"@type\":\"SearchAction\",\"target\":{\"@type\":\"EntryPoint\",\"urlTemplate\":\"https:\\\/\\\/paredesfest.net\\\/?s={search_term_string}\"},\"query-input\":{\"@type\":\"PropertyValueSpecification\",\"valueRequired\":true,\"valueName\":\"search_term_string\"}}],\"inLanguage\":\"en-US\"}]}<\/script>\n<!-- \/ Yoast SEO plugin. -->","yoast_head_json":{"title":"Aviso Legal - Parees","robots":{"index":"noindex","follow":"follow"},"og_locale":"en_US","og_type":"article","og_title":"Aviso Legal - Parees","og_description":"DATOS IDENTIFICATIVOS DEL TITULAR DEL SITIO WEB  En cumplimiento del deber de informaci\u00f3n estipulado en el art\u00edculo 10 de la Ley 34\/2002 de 11 de julio de Servicios de la Sociedad de la Informaci\u00f3n y de Comercio Electr\u00f3nico,&nbsp;PareesFest, con DNI 43438454X, inscrito en el&nbsp;registro de operadores intracomunitarios&nbsp;con NIF-IVA ES43438454X, en adelante&nbsp;PareesFest, en calidad de titular del sitio web&nbsp;paredesfest.net, con domicilio en Pilo\u00f1a, c\u00f3digo postal 33535 a Pilo\u00f1a, &nbsp;&raquo;&nbsp;Read more about: Aviso Legal &nbsp;&raquo;","og_url":"https:\/\/paredesfest.net\/aviso-legal\/","og_site_name":"Parees","article_publisher":"https:\/\/www.facebook.com\/pareesfest","article_modified_time":"2023-10-24T15:36:24+00:00","twitter_card":"summary_large_image","twitter_site":"@pareesfest","twitter_misc":{"Est. reading time":"8 minutes"},"schema":{"@context":"https:\/\/schema.org","@graph":[{"@type":"WebPage","@id":"https:\/\/paredesfest.net\/aviso-legal\/","url":"https:\/\/paredesfest.net\/aviso-legal\/","name":"Aviso Legal - Parees","isPartOf":{"@id":"https:\/\/paredesfest.net\/#website"},"datePublished":"2022-09-03T20:45:33+00:00","dateModified":"2023-10-24T15:36:24+00:00","breadcrumb":{"@id":"https:\/\/paredesfest.net\/aviso-legal\/#breadcrumb"},"inLanguage":"en-US","potentialAction":[{"@type":"ReadAction","target":["https:\/\/paredesfest.net\/aviso-legal\/"]}]},{"@type":"BreadcrumbList","@id":"https:\/\/paredesfest.net\/aviso-legal\/#breadcrumb","itemListElement":[{"@type":"ListItem","position":1,"name":"Portada","item":"https:\/\/paredesfest.net\/"},{"@type":"ListItem","position":2,"name":"Aviso Legal"}]},{"@type":"WebSite","@id":"https:\/\/paredesfest.net\/#website","url":"https:\/\/paredesfest.net\/","name":"Parees","description":"Oviedo Contextual Mural Festival","potentialAction":[{"@type":"SearchAction","target":{"@type":"EntryPoint","urlTemplate":"https:\/\/paredesfest.net\/?s={search_term_string}"},"query-input":{"@type":"PropertyValueSpecification","valueRequired":true,"valueName":"search_term_string"}}],"inLanguage":"en-US"}]}},"_links":{"self":[{"href":"https:\/\/paredesfest.net\/en\/wp-json\/wp\/v2\/pages\/2937","targetHints":{"allow":["GET"]}}],"collection":[{"href":"https:\/\/paredesfest.net\/en\/wp-json\/wp\/v2\/pages"}],"about":[{"href":"https:\/\/paredesfest.net\/en\/wp-json\/wp\/v2\/types\/page"}],"author":[{"embeddable":true,"href":"https:\/\/paredesfest.net\/en\/wp-json\/wp\/v2\/users\/1"}],"replies":[{"embeddable":true,"href":"https:\/\/paredesfest.net\/en\/wp-json\/wp\/v2\/comments?post=2937"}],"version-history":[{"count":2,"href":"https:\/\/paredesfest.net\/en\/wp-json\/wp\/v2\/pages\/2937\/revisions"}],"predecessor-version":[{"id":3349,"href":"https:\/\/paredesfest.net\/en\/wp-json\/wp\/v2\/pages\/2937\/revisions\/3349"}],"wp:attachment":[{"href":"https:\/\/paredesfest.net\/en\/wp-json\/wp\/v2\/media?parent=2937"}],"wp:term":[{"taxonomy":"category","embeddable":true,"href":"https:\/\/paredesfest.net\/en\/wp-json\/wp\/v2\/categories?post=2937"},{"taxonomy":"post_tag","embeddable":true,"href":"https:\/\/paredesfest.net\/en\/wp-json\/wp\/v2\/tags?post=2937"}],"curies":[{"name":"wp","href":"https:\/\/api.w.org\/{rel}","templated":true}]}}